{"id":7070,"date":"2020-06-30T08:41:22","date_gmt":"2020-06-30T08:41:22","guid":{"rendered":"https:\/\/yamaaoi.com\/condiciones-de-compra\/"},"modified":"2022-03-22T09:07:11","modified_gmt":"2022-03-22T09:07:11","slug":"purchase-conditions","status":"publish","type":"page","link":"https:\/\/www.yamaaoi.com\/en\/purchase-conditions\/","title":{"rendered":"Purchase Conditions"},"content":{"rendered":"<h2><strong>Purchase Conditions<\/strong><\/h2>\n<p>These General Conditions of Contract (hereinafter referred to indistinctly as &#8220;General Conditions&#8221; or &#8220;Conditions&#8221;), regulate the rights and obligations derived from commercial transactions carried out through the portal www.yamaaoi.com (hereinafter the &#8220;Website&#8221; ) owned by the company Yamaaoi Wasabi SL (hereinafter referred to indistinctly as &#8220;Yamaaoi&#8221; or, &#8220;we&#8221; or the &#8220;company&#8221;), and together with the conditions of the Legal Notice and the privacy policies, configure the framework contract that all users who access the Website must know , understand and accept.<\/p>\n<p>For the sole purposes of these General Conditions, the terms used in the plural or singular of &#8220;You&#8221;, &#8220;User&#8221; or &#8220;Client&#8221;, include any person who accesses the Website and uses, browses and\/or contracts any of the products and services offered.<\/p>\n<p>Yamaaoi reserves the right to modify, totally or partially, these General Conditions, being applicable the new ones that it agrees from the moment of its publication on the Website. For this reason, it is convenient that you carefully read the General Conditions before proceeding to make an order request. In any case, the aforementioned modifications will not have retroactive effects on the products and services previously contracted.<\/p>\n<h5>1<strong>. Identification<\/strong><\/h5>\n<p>The Website is owned by the company Yamaaoi Wasabi SL, with NIF B-55328512, domiciled at Casa Nova de les Corts 9, 17406, Viladrau, Girona, and registered in the Mercantile Registry of Girona, in Volume 3215, Folio 30 , Sheet GI-64561, Inscription: 1.<\/p>\n<p>Any communication may be addressed to the indicated registered office, to the telephone number (+34) 682902524 or to the email address info@yamaaoi.com.<\/p>\n<h5><strong>2. Activity<\/strong><\/h5>\n<p>Yamaaoi carries out its activity online through the Website, offering quality fresh products of agricultural origin, its own production or that of third parties, and kitchen accessories.<\/p>\n<p>The fresh products are, for the most part, of own production. In the event that they were produced by third parties, this fact will be duly informed to the Client prior to placing the order.<\/p>\n<h5><strong>3. Contents and information provided on the Website<\/strong><\/h5>\n<p>3.1 Yamaaoi reserves the right to modify the commercial offer presented on the Website (modifications on products, prices, promotions and other commercial and service conditions) at any time. Yamaaoi makes every effort within its means to provide the information contained on the Website truthfully and without typographical errors. In the event that at any time an error of this type occurs, at all times beyond the control of Yamaaoi, it will be corrected immediately. If there is a typographical error in any of the prices displayed and a Customer has made a purchase decision based on said error, Yamaaoi will notify the Customer of said error and the Customer will have the right to rescind their purchase at no cost on their part, without therefore, responsibilities or compensation of any kind may arise for Yamaaoi.<\/p>\n<p>3.2 Yamaaoi strives at all times to provide complete, truthful and lawful information, and that the contents of the Website serve for the user to make fully aware and informed purchase decisions.<\/p>\n<h5><strong>4. Products<\/strong><\/h5>\n<p>The wasabi of our own production and the rest of our products are harvested in Spain, except the wasabi produced in Japan, which is imported following the applied legislation.<\/p>\n<p>Kitchen accessories are eminently those intended for the use and consumption of wasabi.<\/p>\n<h5><strong>5. Contracting system and order modalities<\/strong><\/h5>\n<p>Users have the possibility of placing all their orders through electronic contracting from the Website and alternatively by telephone.<\/p>\n<p>Contracting our products through our Website is easy and intuitive, and we indicate at all times the steps that must be followed, through a menu that is displayed at the top of the page you are browsing.<br \/>\nFirst you must choose the type of product you want, as well as sizes and quantities.<\/p>\n<p>Each of the products describes their main characteristics and, where appropriate, additional information of interest.<\/p>\n<p>Next, confirm your order, once added to the shopping cart, you can finalize it by entering the data required for billing and delivery, and even create an account for successive orders. When finished, we will provide a summary of the chosen products, their unit price, shipping costs and the total to pay. Before placing the order, you must choose the payment method, enter any discount code if applicable and accept the General Conditions and privacy policies, always before making the payment.<\/p>\n<p>The total amount is provided broken down. All taxes are included in the prices of our products. Shipping costs will be calculated based on the characteristics of the products of each order and the delivery postal code.<br \/>\nThroughout the contracting process, the necessary steps that must be carried out for the final contract are provided, and you can return to the previous screen at any time if you wish to correct the information or make a change in the options chosen.<\/p>\n<p>The order request will be understood as formalized from the moment you mark the option &#8220;I have read and accept the General Conditions and privacy policies&#8221; or similar mention, and send your request through the button provided for it, and it will be considered that understands and fully and unreservedly accepts these General Conditions, existing from that moment a valid and effective contract that binds the parties.<\/p>\n<p>Once the order request has been made and as soon as possible, always within 24 hours from the formalization of the purchase, Yamaaoi will confirm the receipt and registration of your order by email. It is very important to make sure that you provide a valid email address on the data collection form, as well as a contact telephone number in case there is an incident and it does not work.<\/p>\n<h5><strong>6. Payment methods<\/strong><\/h5>\n<p>6.1. When managing the order, the Customer can freely choose to pay for the purchases made by credit or debit card (MasterCard, Visa, Visa Electron,&#8230;).<\/p>\n<p>6.2. For card payments, all payments are made securely through the bank&#8217;s platform. For your security Yamaaoi has entrusted the credit card payment system to a payment gateway. The bank details entered are encrypted and securely transmitted to the bank&#8217;s servers and are subsequently verified with the issuing bank to prevent possible fraud and abuse.<\/p>\n<p>The Website uses information security techniques generally accepted in the industry, such as firewalls, access control procedures and cryptographic mechanisms, all with the aim of preventing unauthorized data access. To achieve these ends, the user accepts that the provider obtains data for the purpose of the corresponding authentication of access controls.<\/p>\n<p>This data entry procedure is guaranteed by SSL (Secure Socket Layer) -128 bit encryption technology, one of the most advanced and effective protection systems currently available, thanks to which no third party will have access via the Internet to this relative information. to the bank details entered by the Client.<\/p>\n<p>Only the Bank has access to the bank data linked to these means of payment, so Yamaaoi does not know or record these data during the payment operation or at any other time.<\/p>\n<h6><strong>7. Form, expenses and term of shipment<\/strong><\/h6>\n<p>7.1. Yamaaoi will deliver the order within the time specified during the contracting process.<\/p>\n<p>Yamaaoi will ask the user to choose the place of delivery, specifying their address, office or center where they want the product to be delivered, in addition to the contact telephone number in the event that there is any incident with the delivery or the carrier. For security reasons, orders will not be delivered in public buildings, hospitals or any place where the purchased product must be delivered to a person other than the Client.<\/p>\n<p>7.2. Delivery costs are not indicated in the price of the products, they are paid by the Customer and are added to the total amount of the order. The delivery costs will be informed prior to contracting and will vary according to the postal code informed.<\/p>\n<p>7.3. La zona de entrega cubierta por Yamaaoi es\u00a0Espa\u00f1a Peninsular e Islas Baleares. NO\u00a0realizamos env\u00edos a Canarias, Ceuta y Melilla. S\u00ed realizamos env\u00edos a otros pa\u00edses de la CEE.<\/p>\n<p>7.4.\u00a0Cada entrega se considera efectuada a partir de la puesta a disposici\u00f3n del producto por parte del transportista al Cliente en el lugar se\u00f1alado por \u00e9l durante el proceso de compra.<\/p>\n<h6>8. Pol\u00edtica de devoluciones y derecho de desistimiento<\/h6>\n<p>8.1. Derecho de desistimiento. El Cliente tiene derecho a ejercer el desistimiento de su compra dentro de los 14 d\u00edas naturales posteriores a la entrega de los productos, salvo que apliquen excepciones de las previstas en la normativa vigente de consumo.<\/p>\n<p>Conforme a aquella, el derecho de desistimiento no aplica para la contrataci\u00f3n de los productos que sean perecederos, como las frutas, hortalizas, etc. Para aquellos productos no perecederos, aplicar\u00e1 el plazo de desistimiento de 14 d\u00edas naturales previsto para contrataciones a distancia.<\/p>\n<p>De acuerdo con la normativa de consumo, el derecho de desistimiento no aplicar\u00e1 a contratos que se refieran a, entre otras excepciones:<\/p>\n<ul>\n<li>El suministro de bienes confeccionados conforme a las especificaciones del consumidor y usuario o claramente personalizados.<\/li>\n<li>El suministro de bienes que puedan deteriorarse o caducar con rapidez.<\/li>\n<li>El suministro de bienes precintados que no sean aptos para ser devueltos por razones de protecci\u00f3n de la salud o de higiene y que hayan sido desprecintados tras la entrega.<\/li>\n<li>El suministro de bienes que despu\u00e9s de su entrega y teniendo en cuenta su naturaleza se hayan mezclado de forma indisociable con otros bienes.<\/li>\n<\/ul>\n<p>El desistimiento implicar\u00e1 que usted, a partir de la efectiva posesi\u00f3n del producto, tiene 14 d\u00edas naturales para notificarnos su decisi\u00f3n de desistir del contrato a trav\u00e9s de una declaraci\u00f3n inequ\u00edvoca, como, por ejemplo, enviando una comunicaci\u00f3n v\u00eda e-mail a info@yamaaoi.com, o por correo postal, o bien rellenado el modelo de formulario de desistimiento que figura como anexo a estas Condiciones.<\/p>\n<p>Una vez finalizado el plazo de catorce 14 d\u00edas naturales, Yamaaoi no aceptar\u00e1 devoluciones por desistimiento de compras de Producto.<\/p>\n<p>Para devolver el producto, el Cliente podr\u00e1 hacerlo de dos formas:<\/p>\n<ul>\n<li>Contactando con Yamaaoi directamente para que gestione la recogida y devoluci\u00f3n del producto, siempre con cargo al Cliente los gastos de devoluci\u00f3n. En este caso, se programar\u00e1 la recogida de los Productos y se informar\u00e1 al Cliente por email de la fecha y horario en la que se producir\u00e1 dicha recogida.<\/li>\n<li>O bien\u00a0el Cliente puede devolver los productos a su cargo sin utilizar el sistema de Yamaaoi. No obstante, Yamaaoi aconseja empaquetar cuidadosamente el producto (no utilizar el embalaje original podr\u00eda depreciar el producto) y escoger un servicio de transporte con acuse de recibo. Yamaaoi rechazar\u00e1 cualquier producto devuelto con gastos a contra reembolso a cargo de la empresa y no se har\u00e1 cargo en caso de que el producto no llegue a sus dependencias.<br \/>\nNo se permite la devoluci\u00f3n de bienes precintados que no sean aptos para ser devueltos por razones de protecci\u00f3n de la salud y que hayan sido desprecintados tras la entrega.<\/li>\n<\/ul>\n<p>8.2. Reembolso. En caso de desistimiento, el Cliente tendr\u00e1 derecho al reembolso del precio de los productos devueltos, adem\u00e1s de los gastos de env\u00edo ordinarios, siempre que los productos devueltos est\u00e9n en las mismas condiciones en que fueron entregados, no hayan sido usados (salvo lo necesario para verificar su uso y adecuaci\u00f3n con lo esperado), da\u00f1ados, desprecintados (en los casos previamente indicados).<\/p>\n<p>Yamaaoi devolver\u00e1 al Cliente el coste del producto y los gastos de env\u00edo proporcionales una vez descontados los gastos de devoluci\u00f3n.<\/p>\n<p>Yamaaoi gestionar\u00e1 la devoluci\u00f3n del importe total mediante el mismo sistema de pago utilizado por el Cliente para la contrataci\u00f3n de los productos, en un plazo no superior al transcurso de catorce 14 d\u00edas naturales desde que el Cliente comunic\u00f3 su desistimiento.<\/p>\n<p>Yamaaoi comprobar\u00e1 en sus dependencias la adecuaci\u00f3n del producto devuelto, reserv\u00e1ndose el derecho a no realizar el reembolso en caso de detectar que el producto adquirido y el devuelto no coinciden o que la devoluci\u00f3n no se ha realizado conforme a las presentes Condiciones.<\/p>\n<p>En los casos en que el Cliente elija enviar los productos por su cuenta, Yamaaoi podr\u00e1 retener el reembolso hasta haber recibido los productos o hasta que el Cliente env\u00ede una prueba de env\u00edo \/devoluci\u00f3n, seg\u00fan qu\u00e9 condici\u00f3n se cumpla primero.<\/p>\n<p>8.3. Devoluciones por falta de conformidad (garant\u00eda). En caso de que los productos est\u00e9n en mal estado o\u00a0no se correspondan con los que efectivamente se han contratado, el Cliente comunicar\u00e1 a Yamaaoi de forma inmediata, y a m\u00e1s tardar dentro de las 24 horas siguientes a la entrega, por medio de correo electr\u00f3nico o por tel\u00e9fono al (+34) 682902524, su deseo de ejercitar el derecho de resoluci\u00f3n del contrato o la sustituci\u00f3n del producto recibido. El pedido devuelto deber\u00e1 ser entregado junto con el albar\u00e1n de entrega y en su caso factura emitida a Yamaaoi.<\/p>\n<p>La devoluci\u00f3n a Yamaaoi de los Productos podr\u00e1 realizarse de la forma establecida en el apartado anterior de \u201cDerecho de desistimiento\u201d.<\/p>\n<p>Si no es posible la sustituci\u00f3n de los productos, Yamaaoi, devolver\u00e1 el importe total de la compra, que incluye tanto el precio de los productos como los gastos de env\u00edo y devoluci\u00f3n en su caso, a trav\u00e9s de un abono en la tarjeta de cr\u00e9dito utilizada o mediante una transferencia bancaria a la cuenta indicada por el Cliente.<\/p>\n<p>Los productos disponen de una garant\u00eda legal de dos 2 a\u00f1os a partir de la fecha de entrega, siempre tomando en consideraci\u00f3n la naturaleza de los productos adquiridos. La garant\u00eda ofrecida por Yamaaoi se corresponde con la establecida en el Real Decreto Legislativo 1\/2007, de 16 de noviembre, por el que se aprueba el texto refundido de la Ley General para la Defensa de los Consumidores y Usuarios.<\/p>\n<p>En el caso de que exista una falta de conformidad el Cliente deber\u00e1 informar a Yamaaoi en el plazo de dos 2 meses desde que tuvo conocimiento de esta.<\/p>\n<h6>9. Cancelaci\u00f3n del pedido<\/h6>\n<p>La cancelaci\u00f3n del pedido por parte del usuario quedar\u00e1 sujeta a la operativa habitual de Yamaaoi, siendo necesario informar de la cancelaci\u00f3n entre dos y cuatro d\u00edas previos al d\u00eda de entrega comprometido.<\/p>\n<p>Las cancelaciones efectuadas con posterioridad a este plazo no ser\u00e1n efectivas, y el Cliente deber\u00e1 de aceptar el pedido.<\/p>\n<h6>10. Obligaciones\u00a0del\u00a0cliente<\/h6>\n<p>10.1.El Cliente se compromete en todo momento a facilitar informaci\u00f3n veraz sobre los datos solicitados en los formularios de registro de usuario o de realizaci\u00f3n del pedido, y a mantenerlos actualizados en todo momento.<\/p>\n<p>10.2.El Cliente se compromete a aceptar todas las disposiciones y condiciones recogidas en las presentes Condiciones Generales entendiendo que recogen la mejor voluntad de servicio posible para el tipo de actividad que desarrolla Yamaaoi.<\/p>\n<p>10.3.\u00a0Asimismo, se compromete a guardar de forma confidencial y con la m\u00e1xima diligencia sus claves de acceso personal al Sitio web.<\/p>\n<p>10.4.\u00a0El Cliente se compromete a posibilitar la entrega del pedido solicitado facilitando una direcci\u00f3n de entrega en la que pueda ser entregado el pedido dentro del horario escogido antes de la contrataci\u00f3n, de acuerdo con lo previsto en la cl\u00e1usula (7) de estas condiciones. En caso de incumplimiento por parte del Cliente de esta obligaci\u00f3n, Yamaaoi no tendr\u00e1 ninguna responsabilidad sobre el retraso o imposibilidad de entrega del pedido solicitado por el Cliente.<\/p>\n<h6>11.\u00a0Reclamaciones<\/h6>\n<p>Las reclamaciones deben ir dirigidas a Yamaaoi por correo electr\u00f3nico a\u00a0info@yamaaoi.com . Una vez registrada la solicitud, reclamaci\u00f3n o queja por nuestro departamento de atenci\u00f3n al Cliente, le informaremos un n\u00famero de registro de seguimiento para que tenga constancia de aquella.<\/p>\n<p>Gestionaremos cualquier solicitud en el menor tiempo posible, manteniendo un nivel de comunicaci\u00f3n \u00f3ptimo en todo momento.<\/p>\n<h6>12. Propiedad\u00a0intelectual<\/h6>\n<p>Los derechos de propiedad intelectual y\/o industrial de los contenidos, textos, comentarios, obras, ilustraciones, im\u00e1genes, gu\u00edas, distintivos corporativos, etc., del Sitio web, son propiedad de Yamaaoi y, cuando corresponda, de las entidades o personas indicadas en el Sitio web, estando todos ellos protegidos por el ordenamiento jur\u00eddico espa\u00f1ol y las normas comunitarias e internacionales que resulten aplicables.<\/p>\n<p>Salvo autorizaci\u00f3n previa y por escrito de Yamaaoi, as\u00ed como de los supuestos legalmente permitidos para uso personal y privado, queda terminantemente prohibida la reproducci\u00f3n, distribuci\u00f3n, comercializaci\u00f3n, transformaci\u00f3n, copia, o cualesquiera otros actos de comunicaci\u00f3n o difusi\u00f3n, total o parcial, por cualquier medio, de este Sitio web y\/o de los contenidos de este, aunque se cite la fuente de procedencia. Toda actuaci\u00f3n que contravenga estas previsiones constituir\u00e1 una infracci\u00f3n de los derechos de propiedad intelectual y\/o industrial de Yamaaoi o de aquella entidad o persona que sean los titulares.<\/p>\n<h6>13. Seguridad, confidencialidad y protecci\u00f3n de datos personales<\/h6>\n<p>13.1.\u00a0Yamaaoi garantiza la seguridad y confidencialidad en todas sus comunicaciones con sus Clientes.<\/p>\n<p>Todas las operaciones de pago on-line se realizan a trav\u00e9s de un servidor seguro, basado en el est\u00e1ndar SSL, que protege los datos frente a intentos de violaci\u00f3n por terceros. Los datos del proceso de compra se guardan en una base de datos dise\u00f1ada para tal efecto.<\/p>\n<p>13.2.\u00a0De conformidad con lo previsto en el RGPD, los datos personales facilitados ser\u00e1n tratados, por Yamaaoi como responsable del tratamiento de estos. Dichos datos ser\u00e1n tratados para dar cumplimiento a los derechos y obligaciones contenidas en este contrato. En consecuencia, la base jur\u00eddica del tratamiento es dar cumplimiento a la mencionada relaci\u00f3n contractual, siendo dicho fin estrictamente necesario para ejecutar el presente contrato.<\/p>\n<p>Los datos se mantendr\u00e1n mientras est\u00e9 en vigor la relaci\u00f3n contractual y, en todo caso ser\u00e1n conservados durante los plazos legales de prescripci\u00f3n de las responsabilidades nacidas de la relaci\u00f3n contractual que vincula a ambas Partes, siendo tratados \u00fanicamente por Yamaaoi \u00a0y aquellos terceros a los que aqu\u00e9lla est\u00e9 legal o contractualmente obligada a comunicarlos (como es el caso de terceros prestadores de servicios a los que se haya encomendado alg\u00fan servicio vinculado con la gesti\u00f3n o ejecuci\u00f3n del contrato). El Cliente podr\u00e1 ejercer, en los t\u00e9rminos establecidos por la legislaci\u00f3n vigente, los derechos de acceso, rectificaci\u00f3n y supresi\u00f3n de datos, as\u00ed como solicitar que se limite el tratamiento de sus datos personales, oponerse al mismo, o solicitar la portabilidad de sus datos dirigiendo una comunicaci\u00f3n por escrito a Yamaaoi, a trav\u00e9s de las direcciones especificadas en la cl\u00e1usula (1) de estas condiciones. En el supuesto de que no queden satisfechos con la atenci\u00f3n recibida tras ejercitar alguno de los derechos citados con anterioridad, se podr\u00e1 presentar una reclamaci\u00f3n ante la Agencia Espa\u00f1ola de Protecci\u00f3n de Datos u otra autoridad competente.<\/p>\n<p>Para obtener m\u00e1s informaci\u00f3n sobre el tratamiento que realiza Yamaaoi de los datos personales, consulte nuestras\u00a0pol\u00edticas de privacidad.<\/p>\n<h6>14. Limitaci\u00f3n de responsabilidad<\/h6>\n<p>La responsabilidad de Yamaaoi, sus agentes, empleados, subcontratistas y proveedores por las reclamaciones derivadas de la venta de los productos y del cumplimento de sus obligaciones estar\u00e1 limitada al importe del pedido facturado por Yamaaoi por los productos sobre los que pueda derivarse responsabilidad, sin perjuicio de aquellas responsabilidades irrenunciables contempladas en la normativa de protecci\u00f3n de consumidores y usuarios.<\/p>\n<h6>15. Legislaci\u00f3n aplicable y jurisdicci\u00f3n competente<\/h6>\n<p>15.1.\u00a0Las presentes Condiciones Generales se rigen por la ley espa\u00f1ola. En caso de controversia o desavenencia que se derive de las presentes Generales y para la resoluci\u00f3n de cualesquiera conflictos, Yamaaoi y el Cliente acuerdan someterse, a su libre elecci\u00f3n, y con renuncia a cualquier otro fuero o jurisdicci\u00f3n al que pudieran tener derecho, a los juzgados y tribunales de la ciudad correspondiente al domicilio del Cliente consumidor.<\/p>\n<p>A efectos de las presentes Condiciones Generales se entender\u00e1 por &#8220;consumidor&#8221; la persona que act\u00fae con un prop\u00f3sito ajeno a su actividad comercial, empresarial, oficio o profesi\u00f3n, de conformidad con el Real Decreto Legislativo 1\/2007, de 16 de noviembre, por el que se aprueba el texto refundido de la Ley General para la Defensa de los Consumidores y Usuarios.<\/p>\n<p>15.2.\u00a0En caso de Cliente no consumidor las Partes acuerdan someterse a los juzgados y tribunales de Girona capital.<\/p>\n<p>15.3.\u00a0La Comisi\u00f3n Europea facilita tambi\u00e9n a los consumidores de la Uni\u00f3n Europea la plataforma de resoluci\u00f3n de litigios en l\u00ednea para resolver los litigios de forma amistosa (art\u00edculo 14 apartado 1 Reglamento (UE) 524\/2013), accesible en la web\u00a0http:\/\/ec.europa.eu\/odr.<\/p>\n<p>Condiciones actualizadas a 1 de julio de 2019<\/p>\n<p>Ten en cuenta que, de acuerdo con la normativa de consumo, el derecho de desistimiento no aplicar\u00e1 a contratos que se refieran a:<\/p>\n<ul>\n<li>El suministro de bienes confeccionados conforme a las especificaciones del consumidor y usuario o claramente personalizados.<\/li>\n<li>El suministro de bienes que puedan deteriorarse o caducar con rapidez.<\/li>\n<li>El suministro de bienes precintados que no sean aptos para ser devueltos por razones de protecci\u00f3n de la salud o de higiene y que hayan sido desprecintados tras la entrega.<\/li>\n<li>El suministro de bienes que despu\u00e9s de su entrega y teniendo en cuenta su naturaleza se hayan mezclado de forma indisociable con otros bienes.<\/li>\n<\/ul>\n","protected":false},"excerpt":{"rendered":"<p>Purchase Conditions These General Conditions of Contract (hereinafter referred to indistinctly as &#8220;General Conditions&#8221; or &#8220;Conditions&#8221;), regulate the rights and obligations derived from commercial transactions&hellip;<\/p>\n","protected":false},"author":2,"featured_media":0,"parent":0,"menu_order":0,"comment_status":"closed","ping_status":"closed","template":"page-legal.php","meta":{"_acf_changed":false,"footnotes":""},"class_list":["post-7070","page","type-page","status-publish","hentry"],"acf":[],"_links":{"self":[{"href":"https:\/\/www.yamaaoi.com\/en\/wp-json\/wp\/v2\/pages\/7070","targetHints":{"allow":["GET"]}}],"collection":[{"href":"https:\/\/www.yamaaoi.com\/en\/wp-json\/wp\/v2\/pages"}],"about":[{"href":"https:\/\/www.yamaaoi.com\/en\/wp-json\/wp\/v2\/types\/page"}],"author":[{"embeddable":true,"href":"https:\/\/www.yamaaoi.com\/en\/wp-json\/wp\/v2\/users\/2"}],"replies":[{"embeddable":true,"href":"https:\/\/www.yamaaoi.com\/en\/wp-json\/wp\/v2\/comments?post=7070"}],"version-history":[{"count":0,"href":"https:\/\/www.yamaaoi.com\/en\/wp-json\/wp\/v2\/pages\/7070\/revisions"}],"wp:attachment":[{"href":"https:\/\/www.yamaaoi.com\/en\/wp-json\/wp\/v2\/media?parent=7070"}],"curies":[{"name":"wp","href":"https:\/\/api.w.org\/{rel}","templated":true}]}}