{"id":8480,"date":"2022-08-23T10:38:18","date_gmt":"2022-08-23T10:44:25","guid":{"rendered":"https:\/\/yamaaoi.com\/?post_type=product&#038;p=8480"},"modified":"2023-09-27T08:15:49","modified_gmt":"2023-09-27T08:15:49","slug":"flor-de-myoga-100g","status":"publish","type":"product","link":"https:\/\/www.yamaaoi.com\/ca\/productos\/flor-de-myoga-100g\/","title":{"rendered":"Flor de Myoga 50g"},"content":{"rendered":"<p>Flor de Myoga o gingebre japonesa \u00e9s molt apreciat pel seu sabor entre gingebre, coriandre, i xarlotes. S\u00f3n extremadament saborosos. Aquests brots incipients creixen directament del terra i si es deixen cr\u00e9ixer, surten flors a les extremitats. Es prepara tallant a la meitat i despr\u00e9s es talla a tires fines i s&#8217;utilitza com una guarnici\u00f3 per a sopes, plats de fideus freds, amanida de tofu o qualsevol plat on es pugui utilitzar com una guarnici\u00f3 cruixent i fresc.<\/p>\n<p>Una altra manera de preparar-la \u00e9s aix\u00ed. Es posa el Myoga en escabetx (tallat a la meitat) amb vinagre, sal i sucre. El millor \u00e9s mantenir-lo a temperatura ambient i menjar-lo abans.<\/p>\n<p>50g &#8211; 3 peces<\/p>\n","protected":false},"excerpt":{"rendered":"<p>Flor de Myoga o gingebre japonesa \u00e9s molt apreciat pel seu sabor entre gingebre, coriandre, i xarlotes. S\u00f3n extremadament saborosos. Aquests brots incipients creixen directament del terra i si es deixen cr\u00e9ixer, surten flors a les extremitats. Es prepara tallant a la meitat i despr\u00e9s es talla a tires fines i s&#8217;utilitza com una guarnici\u00f3 per a sopes, plats de fideus freds, amanida de tofu o qualsevol plat on es pugui utilitzar com una guarnici\u00f3 cruixent i fresc.<\/p>\n<p>50g &#8211; 3 peces<\/p>\n","protected":false},"featured_media":9156,"template":"","meta":{"_acf_changed":false},"product_brand":[],"product_cat":[194,86],"product_tag":[],"class_list":{"0":"post-8480","1":"product","2":"type-product","3":"status-publish","4":"has-post-thumbnail","6":"product_cat-myoga-ca","7":"product_cat-frescos-de-temporada-ca","9":"first","10":"instock","11":"taxable","12":"shipping-taxable","13":"purchasable","14":"product-type-simple"},"acf":[],"_links":{"self":[{"href":"https:\/\/www.yamaaoi.com\/ca\/wp-json\/wp\/v2\/product\/8480","targetHints":{"allow":["GET"]}}],"collection":[{"href":"https:\/\/www.yamaaoi.com\/ca\/wp-json\/wp\/v2\/product"}],"about":[{"href":"https:\/\/www.yamaaoi.com\/ca\/wp-json\/wp\/v2\/types\/product"}],"wp:featuredmedia":[{"embeddable":true,"href":"https:\/\/www.yamaaoi.com\/ca\/wp-json\/wp\/v2\/media\/9156"}],"wp:attachment":[{"href":"https:\/\/www.yamaaoi.com\/ca\/wp-json\/wp\/v2\/media?parent=8480"}],"wp:term":[{"taxonomy":"product_brand","embeddable":true,"href":"https:\/\/www.yamaaoi.com\/ca\/wp-json\/wp\/v2\/product_brand?post=8480"},{"taxonomy":"product_cat","embeddable":true,"href":"https:\/\/www.yamaaoi.com\/ca\/wp-json\/wp\/v2\/product_cat?post=8480"},{"taxonomy":"product_tag","embeddable":true,"href":"https:\/\/www.yamaaoi.com\/ca\/wp-json\/wp\/v2\/product_tag?post=8480"}],"curies":[{"name":"wp","href":"https:\/\/api.w.org\/{rel}","templated":true}]}}