{"id":8371,"date":"2022-08-17T15:42:06","date_gmt":"2022-08-17T15:42:06","guid":{"rendered":"https:\/\/yamaaoi.com\/?post_type=product&#038;p=8371"},"modified":"2022-08-17T15:54:38","modified_gmt":"2022-08-17T15:54:38","slug":"vermut-negre-de-sake","status":"publish","type":"product","link":"https:\/\/www.yamaaoi.com\/ca\/productos\/vermut-negre-de-sake\/","title":{"rendered":"Vermut Negre de Sake"},"content":{"rendered":"<p>El vermut negre, batejat com a BERUMOTTO negre, s&#8217;elabora macerant herbes arom\u00e0tiques com el donzell, la farigola i l&#8217;hisop, amb esp\u00e8cies com el caf\u00e8, la canyella o l&#8217;an\u00eds estrellat i amb el sake elaborat per ells mateixos.<br \/>\nAquest vermut t\u00e9 un color daurat fosc, sent arom\u00e0tic, enfustat, especiat i agrest al nas, mentre que a la boca notem un sabor molt especiat, amarg, quinat i lleugerament bals\u00e0mic.<br \/>\nLa temperatura ideal de servir-lo \u00e9s molt freda, a uns 8\u202f\u00b0C.<br \/>\nEs recomana presentar-lo amb una o m\u00e9s olives farcides al fons i una pell de taronja. Com que \u00e9s una beguda molt fina i subtil, no es recomana afegir gel a excepci\u00f3 de gla\u00e7ons d&#8217;acer inoxidable o de cobertura impermeable que evitin que la beguda, es quedi aiguada.<br \/>\nAquest vermut \u00e9s perfecte per a un aperitiu singular que acompanyi adequadament les tapes d&#8217;aperitiu, poden ser salades, avinagrades i tamb\u00e9 els fregits.<\/p>\n","protected":false},"excerpt":{"rendered":"<p>El vermut negre batejat com BERUMOTTO negre, s&#8217;elabora macerant herbes arom\u00e0tiques com el donzell, l&#8217;hisop, la farigola o la sajolida, amb esp\u00e8cies com el caf\u00e8, la canyella o l&#8217;an\u00eds estrellat i amb el sake elaborat per ells mateixos.<br \/>\nAquest vermut t\u00e9 un color daurat fosc, \u00e9s arom\u00e0tic, amb tons de fustes nobles, especiat i fer\u00e9stec al nas, mentre que en boca trobem un fort sabor d&#8217;esp\u00e8cies, de quina, amargor i un toc lleugerament bals\u00e0mic.<br \/>\nLa millor manera de prendre&#8217;l \u00e9s acompanyar-lo amb les nostres vaixelles de sake. Ampolla de 750 ml.<\/p>\n","protected":false},"featured_media":8374,"template":"","meta":{"_acf_changed":false},"product_brand":[],"product_cat":[169,81],"product_tag":[],"class_list":{"0":"post-8371","1":"product","2":"type-product","3":"status-publish","4":"has-post-thumbnail","6":"product_cat-sake-vermut-ca","7":"product_cat-gourmet-japones-ca","9":"first","10":"outofstock","11":"taxable","12":"shipping-taxable","13":"purchasable","14":"product-type-simple"},"acf":[],"_links":{"self":[{"href":"https:\/\/www.yamaaoi.com\/ca\/wp-json\/wp\/v2\/product\/8371","targetHints":{"allow":["GET"]}}],"collection":[{"href":"https:\/\/www.yamaaoi.com\/ca\/wp-json\/wp\/v2\/product"}],"about":[{"href":"https:\/\/www.yamaaoi.com\/ca\/wp-json\/wp\/v2\/types\/product"}],"wp:featuredmedia":[{"embeddable":true,"href":"https:\/\/www.yamaaoi.com\/ca\/wp-json\/wp\/v2\/media\/8374"}],"wp:attachment":[{"href":"https:\/\/www.yamaaoi.com\/ca\/wp-json\/wp\/v2\/media?parent=8371"}],"wp:term":[{"taxonomy":"product_brand","embeddable":true,"href":"https:\/\/www.yamaaoi.com\/ca\/wp-json\/wp\/v2\/product_brand?post=8371"},{"taxonomy":"product_cat","embeddable":true,"href":"https:\/\/www.yamaaoi.com\/ca\/wp-json\/wp\/v2\/product_cat?post=8371"},{"taxonomy":"product_tag","embeddable":true,"href":"https:\/\/www.yamaaoi.com\/ca\/wp-json\/wp\/v2\/product_tag?post=8371"}],"curies":[{"name":"wp","href":"https:\/\/api.w.org\/{rel}","templated":true}]}}