{"id":8314,"date":"2022-08-17T08:54:20","date_gmt":"2022-08-17T08:54:21","guid":{"rendered":"https:\/\/yamaaoi.com\/?post_type=product&#038;p=8314"},"modified":"2022-08-17T16:56:26","modified_gmt":"2022-08-17T16:56:26","slug":"vermut-blanc-de-sake","status":"publish","type":"product","link":"https:\/\/www.yamaaoi.com\/ca\/productos\/vermut-blanc-de-sake\/","title":{"rendered":"Vermut Blanc de Sake"},"content":{"rendered":"<p>El vermut blanc, batejat com a BERUMOTTO blanc, s&#8217;elabora macerant herbes arom\u00e0tiques com el donzell, la farigola i l&#8217;hisop, amb esp\u00e8cies com el caf\u00e8, la canyella o l&#8217;an\u00eds estrellat i amb el sake elaborat per ells mateixos.<br \/>\nAquest vermut t\u00e9 un color groc palla o daurat suau i brillant. La seva aroma recorda la genciana aix\u00ed com una \u00e0mplia paleta d&#8217;herbes silvestres. A la boca notem tota l&#8217;amplitud de la bot\u00e0nica i les esp\u00e8cies que el conformen, al mateix temps que notem una dol\u00e7or i amargor perfectament equilibrades que es mantenen fins al retrogust.<br \/>\nLa temperatura ideal de servir-ho \u00e9s molt freda, a uns 8\u202f\u00b0C.<br \/>\nEs recomana presentar-lo amb una o m\u00e9s olives farcides al fons i una pell de llimona o llima.<br \/>\nCom que \u00e9s una beguda molt fina i subtil, no es recomana afegir gel a excepci\u00f3 de gla\u00e7ons d&#8217;acer inoxidable o de cobertura impermeable que evitin que la beguda, es quedi aiguada.<br \/>\nAquest vermut \u00e9s perfecte per a un aperitiu singular que acompanyi adequadament les tapes d&#8217;aperitiu, poden ser salades, vinagrades o fregits.<\/p>\n","protected":false},"excerpt":{"rendered":"<p>El vermut blanc batejat com BERUMOTTO blanc, s&#8217;elabora macerant herbes arom\u00e0tiques com el donzell, l&#8217;hisop, la farigola o la sajolida, amb esp\u00e8cies com el caf\u00e8, la canyella o l&#8217;an\u00eds estrellat i amb el sake elaborat per ells mateixos.<br \/>\nAquest vermut t\u00e9 un color groc palla o daurat suau i brillant. La seva aroma ens recorda a la genciana aix\u00ed com una \u00e0mplia paleta d&#8217;herbes fer\u00e9stegues. A la boca notem tota a l&#8217;amplitud dels bot\u00e0nics i esp\u00e8cies emprats, al mateix temps, una dol\u00e7or i una amargor perfectament equilibrades que es mantindran fins al retro gust.<br \/>\nLa millor manera de prendre&#8217;l \u00e9s acompanyar-lo amb les nostres vaixelles de sake. Ampolla de 750 ml.<\/p>\n","protected":false},"featured_media":8317,"template":"","meta":{"_acf_changed":false},"product_brand":[],"product_cat":[169,81],"product_tag":[],"class_list":{"0":"post-8314","1":"product","2":"type-product","3":"status-publish","4":"has-post-thumbnail","6":"product_cat-sake-vermut-ca","7":"product_cat-gourmet-japones-ca","9":"first","10":"instock","11":"taxable","12":"shipping-taxable","13":"purchasable","14":"product-type-simple"},"acf":[],"_links":{"self":[{"href":"https:\/\/www.yamaaoi.com\/ca\/wp-json\/wp\/v2\/product\/8314","targetHints":{"allow":["GET"]}}],"collection":[{"href":"https:\/\/www.yamaaoi.com\/ca\/wp-json\/wp\/v2\/product"}],"about":[{"href":"https:\/\/www.yamaaoi.com\/ca\/wp-json\/wp\/v2\/types\/product"}],"wp:featuredmedia":[{"embeddable":true,"href":"https:\/\/www.yamaaoi.com\/ca\/wp-json\/wp\/v2\/media\/8317"}],"wp:attachment":[{"href":"https:\/\/www.yamaaoi.com\/ca\/wp-json\/wp\/v2\/media?parent=8314"}],"wp:term":[{"taxonomy":"product_brand","embeddable":true,"href":"https:\/\/www.yamaaoi.com\/ca\/wp-json\/wp\/v2\/product_brand?post=8314"},{"taxonomy":"product_cat","embeddable":true,"href":"https:\/\/www.yamaaoi.com\/ca\/wp-json\/wp\/v2\/product_cat?post=8314"},{"taxonomy":"product_tag","embeddable":true,"href":"https:\/\/www.yamaaoi.com\/ca\/wp-json\/wp\/v2\/product_tag?post=8314"}],"curies":[{"name":"wp","href":"https:\/\/api.w.org\/{rel}","templated":true}]}}