{"id":8063,"date":"2022-07-05T10:46:31","date_gmt":"2022-07-05T10:46:32","guid":{"rendered":"https:\/\/yamaaoi.com\/?post_type=product&#038;p=8063"},"modified":"2022-07-12T11:28:17","modified_gmt":"2022-07-12T11:28:17","slug":"ratllador-katsuobushi-per-a-professionals","status":"publish","type":"product","link":"https:\/\/www.yamaaoi.com\/ca\/productos\/ratllador-katsuobushi-per-a-professionals\/","title":{"rendered":"Ratllador Katsuobushi per a professionals"},"content":{"rendered":"<p>El ratllador de Katsuobushi professional:<\/p>\n<p>Aquest ratllador Katsuobushi \u00e9s de qualitat professional amb uns acabats molt bonics.Ja est\u00e0 ajustat per tallar encenalls molt fins.\u00a0 Quan es comen\u00e7a a ratllar el Katsuobushi, l&#8217;exterior continua sent for\u00e7a dur i pols\u00f3s. Aquesta pols \u00e9s perfecta per condimentar brous, pasta, arrossos i verdures.\u00a0 Quan s&#8217;arriba a la part tova \u00e9s quan es formen els encenalls.<\/p>\n<p>El Katsuobushi:<br \/>\nEls japonesos han desenvolupat una cultura culin\u00e0ria \u00fanica al voltant del peix, i en particular al voltant del Katsuobushi. S&#8217;elabora bullint el bon\u00edtol a foc lent en aigua calenta, despr\u00e9s fumant-lo i assecant-lo.<br \/>\nEl Katsuobushi \u00e9s un producte saludable, bo, est\u00e8tic, brillant, delici\u00f3s i fragant.<br \/>\nSublima un plat, real\u00e7a un peix, revela un plat a base de marisc.<br \/>\nEl Katsuobushi far\u00e0 que la truita m\u00e9s simple sigui saborosa i excel\u00b7lent.<br \/>\nRedu\u00eft a fins encenalls amb un ratllador tradicional, el Katsuobushi aporta notes de sabor arom\u00e0tiques, subtils i elegants.<br \/>\nL'&#8221;Umami&#8221; \u00e9s naturalment molt present.<\/p>\n<p>Katsuobushi de Yaizu venut per pe\u00e7a<\/p>\n<p>Les aplicacions culin\u00e0ries d&#8217;aquest producte no tindran l\u00edmits tret dels quals imposi la teva imaginaci\u00f3.<\/p>\n<p>Text: Nishikidori<\/p>\n","protected":false},"excerpt":{"rendered":"<p>El ratllador de Katsuobushi professional:<\/p>\n<p>Aquest ratllador Katsuobushi \u00e9s de qualitat professional amb uns acabats molt bonics.Ja est\u00e0 ajustat per tallar encenalls molt fins.\u00a0 Quan es comen\u00e7a a ratllar el Katsuobushi, l&#8217;exterior continua sent for\u00e7a dur i pols\u00f3s. Aquesta pols \u00e9s perfecta per condimentar brous, pasta, arrossos i verdures.\u00a0 Quan s&#8217;arriba a la part tova \u00e9s quan es formen els encenalls.<\/p>\n<p>Pes: 680 g<br \/>\nMides: 247 x 80 x 58 mm<\/p>\n","protected":false},"featured_media":8072,"template":"","meta":{"_acf_changed":false},"product_brand":[],"product_cat":[77],"product_tag":[],"class_list":{"0":"post-8063","1":"product","2":"type-product","3":"status-publish","4":"has-post-thumbnail","6":"product_cat-gourmet-japones-gourmet-japones-ca","8":"first","9":"outofstock","10":"taxable","11":"shipping-taxable","12":"purchasable","13":"product-type-simple"},"acf":[],"_links":{"self":[{"href":"https:\/\/www.yamaaoi.com\/ca\/wp-json\/wp\/v2\/product\/8063","targetHints":{"allow":["GET"]}}],"collection":[{"href":"https:\/\/www.yamaaoi.com\/ca\/wp-json\/wp\/v2\/product"}],"about":[{"href":"https:\/\/www.yamaaoi.com\/ca\/wp-json\/wp\/v2\/types\/product"}],"wp:featuredmedia":[{"embeddable":true,"href":"https:\/\/www.yamaaoi.com\/ca\/wp-json\/wp\/v2\/media\/8072"}],"wp:attachment":[{"href":"https:\/\/www.yamaaoi.com\/ca\/wp-json\/wp\/v2\/media?parent=8063"}],"wp:term":[{"taxonomy":"product_brand","embeddable":true,"href":"https:\/\/www.yamaaoi.com\/ca\/wp-json\/wp\/v2\/product_brand?post=8063"},{"taxonomy":"product_cat","embeddable":true,"href":"https:\/\/www.yamaaoi.com\/ca\/wp-json\/wp\/v2\/product_cat?post=8063"},{"taxonomy":"product_tag","embeddable":true,"href":"https:\/\/www.yamaaoi.com\/ca\/wp-json\/wp\/v2\/product_tag?post=8063"}],"curies":[{"name":"wp","href":"https:\/\/api.w.org\/{rel}","templated":true}]}}