{"id":7491,"date":"2022-05-10T08:45:38","date_gmt":"2022-05-10T08:45:39","guid":{"rendered":"https:\/\/yamaaoi.com\/?post_type=product&#038;p=7491"},"modified":"2022-05-10T12:15:33","modified_gmt":"2022-05-10T12:15:33","slug":"akasu-vinagre-darros-kinsho","status":"publish","type":"product","link":"https:\/\/www.yamaaoi.com\/ca\/productos\/akasu-vinagre-darros-kinsho\/","title":{"rendered":"AKASU VINAGRE D&#8217;ARR\u00d2S KINSHO"},"content":{"rendered":"<p>Yokoi elabora aut\u00e8ntics vinagres per fer sushi, rics en sabors, suaus en frag\u00e0ncia i rics en umami.\u00a0 L&#8217;\u00e0cid ac\u00e8tic dels seus vinagres \u00e9s reconegut com el m\u00e9s ric per a sushi (alts nivells d&#8217;amino\u00e0cids i umami).<\/p>\n<p><strong>La nostra combinaci\u00f3 perfecta<\/strong>: els professionals no s&#8217;equivoquen. El 70% dels restaurants amb estrelles que elaboren sushi a T\u00f2quio utilitzen exclusivament vinagres Yokoi, el 100% a Osaka i el 80% a l&#8217;illa de Kyushu!<br \/>\nLa proporci\u00f3 correcta de vinagre a sushi \u00e9s, pel que sembla, del 5 al 10% de vinagre vermell akasu Yohei i del 90 al 95% de vinagre d&#8217;arr\u00f2s vermell Akasu blend kinsho. Akasu \u00e9s \u00e0mpliament utilitzat pels mestres xefs de sushi. No cal afegir sal o sucre per revelar els seus sabors i es trobar\u00e0 a casa a la cuina occidental.<\/p>\n<p>(Text de Nishikidori)<\/p>\n","protected":false},"excerpt":{"rendered":"<p>Ens encanten les notes iodades d&#8217;aquesta mescla d&#8217;akasu vinagre d&#8217;arr\u00f2s kinsho, la seva lleugera astring\u00e8ncia, el seu umami excepcional i la riquesa dels seus sabors.\u00a0 \u00c9s molt caracter\u00edstic dels vinagres de sushi.<\/p>\n","protected":false},"featured_media":7509,"template":"","meta":{"_acf_changed":false},"product_brand":[],"product_cat":[82],"product_tag":[],"class_list":{"0":"post-7491","1":"product","2":"type-product","3":"status-publish","4":"has-post-thumbnail","6":"product_cat-vinagres-ca","8":"first","9":"outofstock","10":"taxable","11":"shipping-taxable","12":"purchasable","13":"product-type-variable"},"acf":[],"_links":{"self":[{"href":"https:\/\/www.yamaaoi.com\/ca\/wp-json\/wp\/v2\/product\/7491","targetHints":{"allow":["GET"]}}],"collection":[{"href":"https:\/\/www.yamaaoi.com\/ca\/wp-json\/wp\/v2\/product"}],"about":[{"href":"https:\/\/www.yamaaoi.com\/ca\/wp-json\/wp\/v2\/types\/product"}],"wp:featuredmedia":[{"embeddable":true,"href":"https:\/\/www.yamaaoi.com\/ca\/wp-json\/wp\/v2\/media\/7509"}],"wp:attachment":[{"href":"https:\/\/www.yamaaoi.com\/ca\/wp-json\/wp\/v2\/media?parent=7491"}],"wp:term":[{"taxonomy":"product_brand","embeddable":true,"href":"https:\/\/www.yamaaoi.com\/ca\/wp-json\/wp\/v2\/product_brand?post=7491"},{"taxonomy":"product_cat","embeddable":true,"href":"https:\/\/www.yamaaoi.com\/ca\/wp-json\/wp\/v2\/product_cat?post=7491"},{"taxonomy":"product_tag","embeddable":true,"href":"https:\/\/www.yamaaoi.com\/ca\/wp-json\/wp\/v2\/product_tag?post=7491"}],"curies":[{"name":"wp","href":"https:\/\/api.w.org\/{rel}","templated":true}]}}