{"id":6588,"date":"2018-06-17T13:42:19","date_gmt":"2018-06-17T13:42:19","guid":{"rendered":"https:\/\/yamaaoi.com\/productos\/planta-de-wasabi\/"},"modified":"2022-01-18T09:12:17","modified_gmt":"2022-01-18T09:12:17","slug":"planta-de-wasabi","status":"publish","type":"product","link":"https:\/\/www.yamaaoi.com\/ca\/productos\/planta-de-wasabi\/","title":{"rendered":"Planta de Wasabi"},"content":{"rendered":"<p>La planta de wasabi (Wasabia japonica) \u00e9s origin\u00e0ria del Jap\u00f3, on creix en rius de muntanya. No obstant aix\u00f2, \u00e9s una planta que tamb\u00e9 s&#8217;adapta b\u00e9 a viure tant en un test com en jard\u00ed, on poden durar uns quants anys.<br \/>\nAconseguir un tronc per ratllar, sembla complicat (encara que no impossible!). Molt probablement aconsegueixis collir fulles i flors, que podr\u00e0s gaudir en amanides, tempura, escaldades, o simplement de decoraci\u00f3.<br \/>\nAmb una mica de sort, la planta tregui fillols, que podr\u00e0s trasplantar i fer cr\u00e9ixer el teu jard\u00ed de wasabi, a casa!<\/p>\n","protected":false},"excerpt":{"rendered":"<p>La planta de wasabi (Wasabia japonica) \u00e9s origin\u00e0ria del Jap\u00f3, on creix en rius de muntanya. No obstant aix\u00f2, \u00e9s una planta que tamb\u00e9 s&#8217;adapta b\u00e9 a viure tant en un test com en jard\u00ed, on poden durar uns quants anys.<br \/>\nAconseguir un tronc per ratllar, sembla complicat (encara que no impossible!). Molt probablement aconsegueixis collir fulles i flors, que podr\u00e0s gaudir en amanides, tempura, escaldades, o simplement de decoraci\u00f3.<br \/>\nAmb una mica de sort, la planta tregui fillols, que podr\u00e0s trasplantar i fer cr\u00e9ixer el teu jard\u00ed de wasabi, a casa!<\/p>\n","protected":false},"featured_media":5981,"template":"","meta":{"_acf_changed":false},"product_brand":[],"product_cat":[90],"product_tag":[],"class_list":{"0":"post-6588","1":"product","2":"type-product","3":"status-publish","4":"has-post-thumbnail","6":"product_cat-plantes","8":"first","9":"outofstock","10":"featured","11":"taxable","12":"shipping-taxable","13":"purchasable","14":"product-type-simple"},"acf":[],"_links":{"self":[{"href":"https:\/\/www.yamaaoi.com\/ca\/wp-json\/wp\/v2\/product\/6588","targetHints":{"allow":["GET"]}}],"collection":[{"href":"https:\/\/www.yamaaoi.com\/ca\/wp-json\/wp\/v2\/product"}],"about":[{"href":"https:\/\/www.yamaaoi.com\/ca\/wp-json\/wp\/v2\/types\/product"}],"wp:featuredmedia":[{"embeddable":true,"href":"https:\/\/www.yamaaoi.com\/ca\/wp-json\/wp\/v2\/media\/5981"}],"wp:attachment":[{"href":"https:\/\/www.yamaaoi.com\/ca\/wp-json\/wp\/v2\/media?parent=6588"}],"wp:term":[{"taxonomy":"product_brand","embeddable":true,"href":"https:\/\/www.yamaaoi.com\/ca\/wp-json\/wp\/v2\/product_brand?post=6588"},{"taxonomy":"product_cat","embeddable":true,"href":"https:\/\/www.yamaaoi.com\/ca\/wp-json\/wp\/v2\/product_cat?post=6588"},{"taxonomy":"product_tag","embeddable":true,"href":"https:\/\/www.yamaaoi.com\/ca\/wp-json\/wp\/v2\/product_tag?post=6588"}],"curies":[{"name":"wp","href":"https:\/\/api.w.org\/{rel}","templated":true}]}}