{"id":6566,"date":"2018-06-20T07:16:56","date_gmt":"2018-06-20T07:16:56","guid":{"rendered":"https:\/\/yamaaoi.com\/productos\/planta-de-shiso\/"},"modified":"2022-09-13T13:41:23","modified_gmt":"2022-09-13T13:41:23","slug":"planta-de-shiso","status":"publish","type":"product","link":"https:\/\/www.yamaaoi.com\/ca\/productos\/planta-de-shiso\/","title":{"rendered":"Planta de Shiso"},"content":{"rendered":"<p>La planta de shiso (Perilla frutescens), tamb\u00e9 coneguda com a alf\u00e0brega japonesa, \u00e9s una esp\u00e8cie anual origin\u00e0ria de l&#8217;est d&#8217;\u00c0sia. Aquesta \u00e9s una varietat japonesa verda (aoshiso, \u9752\u7d2b\u8607), que destaca per l&#8217;aroma, el sabor i la textura tendra de les seves fulles. A banda de les fulles, les seves flors, llavors i olis s\u00f3n tamb\u00e9 molt apreciats.<br \/>\n\u00c9s una planta de molt senzill cultiu que pot cr\u00e9ixer tant en test, com en jard\u00ed. Sol i aigua, poca cura m\u00e9s necessita.<br \/>\nAl jap\u00f3 s&#8217;utilitza per acompanyar plats (sashimi, sushi), en amanides o per fer salses. Destaca pel seu inconfusible sabor entre an\u00eds i menta.<\/p>\n","protected":false},"excerpt":{"rendered":"<p>La planta de shiso (Perilla frutescens), tamb\u00e9 coneguda com a alf\u00e0brega japonesa, \u00e9s una esp\u00e8cie anual origin\u00e0ria de l&#8217;est d&#8217;\u00c0sia. Aquesta \u00e9s una varietat japonesa verda (aoshiso, \u9752\u7d2b\u8607), que destaca per l&#8217;aroma, el sabor i la textura tendra de les seves fulles. A banda de les fulles, les seves flors, llavors i olis s\u00f3n tamb\u00e9 molt apreciats.<\/p>\n","protected":false},"featured_media":7732,"template":"","meta":{"_acf_changed":false},"product_brand":[],"product_cat":[90],"product_tag":[],"class_list":{"0":"post-6566","1":"product","2":"type-product","3":"status-publish","4":"has-post-thumbnail","6":"product_cat-plantes","8":"first","9":"outofstock","10":"taxable","11":"shipping-taxable","12":"purchasable","13":"product-type-variable"},"acf":[],"_links":{"self":[{"href":"https:\/\/www.yamaaoi.com\/ca\/wp-json\/wp\/v2\/product\/6566","targetHints":{"allow":["GET"]}}],"collection":[{"href":"https:\/\/www.yamaaoi.com\/ca\/wp-json\/wp\/v2\/product"}],"about":[{"href":"https:\/\/www.yamaaoi.com\/ca\/wp-json\/wp\/v2\/types\/product"}],"wp:featuredmedia":[{"embeddable":true,"href":"https:\/\/www.yamaaoi.com\/ca\/wp-json\/wp\/v2\/media\/7732"}],"wp:attachment":[{"href":"https:\/\/www.yamaaoi.com\/ca\/wp-json\/wp\/v2\/media?parent=6566"}],"wp:term":[{"taxonomy":"product_brand","embeddable":true,"href":"https:\/\/www.yamaaoi.com\/ca\/wp-json\/wp\/v2\/product_brand?post=6566"},{"taxonomy":"product_cat","embeddable":true,"href":"https:\/\/www.yamaaoi.com\/ca\/wp-json\/wp\/v2\/product_cat?post=6566"},{"taxonomy":"product_tag","embeddable":true,"href":"https:\/\/www.yamaaoi.com\/ca\/wp-json\/wp\/v2\/product_tag?post=6566"}],"curies":[{"name":"wp","href":"https:\/\/api.w.org\/{rel}","templated":true}]}}