{"id":6558,"date":"2020-06-04T11:53:43","date_gmt":"2020-06-04T11:53:43","guid":{"rendered":"https:\/\/yamaaoi.com\/productos\/pincel-bamboo\/"},"modified":"2022-01-14T14:47:46","modified_gmt":"2022-01-14T14:47:46","slug":"pinzell-bambu","status":"publish","type":"product","link":"https:\/\/www.yamaaoi.com\/ca\/productos\/pinzell-bambu\/","title":{"rendered":"Pinzell Bamb\u00fa"},"content":{"rendered":"<p>El pinzell bamb\u00fa ens permet recollir la pasta de wasabi del nostre ratllador, de manera senzilla i pr\u00e0ctica.<\/p>\n","protected":false},"excerpt":{"rendered":"<p>El pinzell bamb\u00fa ens permet recollir la pasta de wasabi del nostre ratllador, de manera senzilla i pr\u00e0ctica.<\/p>\n","protected":false},"featured_media":5987,"template":"","meta":{"_acf_changed":false},"product_brand":[],"product_cat":[91],"product_tag":[],"class_list":{"0":"post-6558","1":"product","2":"type-product","3":"status-publish","4":"has-post-thumbnail","6":"product_cat-pinceles-wasabi-ca","8":"first","9":"instock","10":"taxable","11":"shipping-taxable","12":"purchasable","13":"product-type-simple"},"acf":[],"_links":{"self":[{"href":"https:\/\/www.yamaaoi.com\/ca\/wp-json\/wp\/v2\/product\/6558","targetHints":{"allow":["GET"]}}],"collection":[{"href":"https:\/\/www.yamaaoi.com\/ca\/wp-json\/wp\/v2\/product"}],"about":[{"href":"https:\/\/www.yamaaoi.com\/ca\/wp-json\/wp\/v2\/types\/product"}],"wp:featuredmedia":[{"embeddable":true,"href":"https:\/\/www.yamaaoi.com\/ca\/wp-json\/wp\/v2\/media\/5987"}],"wp:attachment":[{"href":"https:\/\/www.yamaaoi.com\/ca\/wp-json\/wp\/v2\/media?parent=6558"}],"wp:term":[{"taxonomy":"product_brand","embeddable":true,"href":"https:\/\/www.yamaaoi.com\/ca\/wp-json\/wp\/v2\/product_brand?post=6558"},{"taxonomy":"product_cat","embeddable":true,"href":"https:\/\/www.yamaaoi.com\/ca\/wp-json\/wp\/v2\/product_cat?post=6558"},{"taxonomy":"product_tag","embeddable":true,"href":"https:\/\/www.yamaaoi.com\/ca\/wp-json\/wp\/v2\/product_tag?post=6558"}],"curies":[{"name":"wp","href":"https:\/\/api.w.org\/{rel}","templated":true}]}}