{"id":6544,"date":"2021-01-09T09:19:13","date_gmt":"2021-01-09T09:19:13","guid":{"rendered":"https:\/\/yamaaoi.com\/productos\/esterilla-bamboo-para-sushi\/"},"modified":"2022-01-14T13:25:29","modified_gmt":"2022-01-14T13:25:29","slug":"esterilla-bambu-per-sushi","status":"publish","type":"product","link":"https:\/\/www.yamaaoi.com\/ca\/productos\/esterilla-bambu-per-sushi\/","title":{"rendered":"Esterilla bamb\u00fa per sushi"},"content":{"rendered":"<p>L&#8217;Esterilla bamb\u00fa per a sushi, \u00e9s l&#8217;eina primordial per fer makis. Mides: 27x24cm<\/p>\n<p>Aquesta estora \u00e9s d&#8217;alta qualitat amb materials i acabats premium per aconseguir els millors resultats.<\/p>\n","protected":false},"excerpt":{"rendered":"<p>L&#8217;esterilla bamb\u00fa per sushi, \u00e9s l&#8217;eina primordial per fer makis. Mides: 27x24cm<br \/>\nAquesta estora \u00e9s d&#8217;alta qualitat amb materials i acabats premium per aconseguir els millors resultats.<\/p>\n","protected":false},"featured_media":7797,"template":"","meta":{"_acf_changed":false},"product_brand":[],"product_cat":[76],"product_tag":[],"class_list":{"0":"post-6544","1":"product","2":"type-product","3":"status-publish","4":"has-post-thumbnail","6":"product_cat-accessoris-accessoris","8":"first","9":"outofstock","10":"taxable","11":"shipping-taxable","12":"purchasable","13":"product-type-simple"},"acf":[],"_links":{"self":[{"href":"https:\/\/www.yamaaoi.com\/ca\/wp-json\/wp\/v2\/product\/6544","targetHints":{"allow":["GET"]}}],"collection":[{"href":"https:\/\/www.yamaaoi.com\/ca\/wp-json\/wp\/v2\/product"}],"about":[{"href":"https:\/\/www.yamaaoi.com\/ca\/wp-json\/wp\/v2\/types\/product"}],"wp:featuredmedia":[{"embeddable":true,"href":"https:\/\/www.yamaaoi.com\/ca\/wp-json\/wp\/v2\/media\/7797"}],"wp:attachment":[{"href":"https:\/\/www.yamaaoi.com\/ca\/wp-json\/wp\/v2\/media?parent=6544"}],"wp:term":[{"taxonomy":"product_brand","embeddable":true,"href":"https:\/\/www.yamaaoi.com\/ca\/wp-json\/wp\/v2\/product_brand?post=6544"},{"taxonomy":"product_cat","embeddable":true,"href":"https:\/\/www.yamaaoi.com\/ca\/wp-json\/wp\/v2\/product_cat?post=6544"},{"taxonomy":"product_tag","embeddable":true,"href":"https:\/\/www.yamaaoi.com\/ca\/wp-json\/wp\/v2\/product_tag?post=6544"}],"curies":[{"name":"wp","href":"https:\/\/api.w.org\/{rel}","templated":true}]}}