{"id":6542,"date":"2020-12-23T20:36:56","date_gmt":"2020-12-23T20:36:56","guid":{"rendered":"https:\/\/yamaaoi.com\/productos\/wasabi-pack-small\/"},"modified":"2023-09-27T08:33:35","modified_gmt":"2023-09-27T08:33:35","slug":"wasabi-pack-small","status":"publish","type":"product","link":"https:\/\/www.yamaaoi.com\/ca\/productos\/wasabi-pack-small\/","title":{"rendered":"Wasabi Pack Small"},"content":{"rendered":"<p>Aquest \u00e9s el pack ideal per iniciar-se al wasabi fresc<br \/>\n<a href=\"https:\/\/yamaaoi.com\/productos\/tronco-km0-pequeno-25-49g\/\" target=\"_blank\" rel=\"noopener\">-100g (+\/-5) de peces petites<\/a><br \/>\n<a href=\"https:\/\/yamaaoi.com\/productos\/rallador-japones-de-acero-samekichi\/\" target=\"_blank\" rel=\"noopener\">-Ratllador &#8220;Samekichi&#8221; S<\/a><br \/>\n<a href=\"https:\/\/yamaaoi.com\/productos\/pincel-bamboo\/\" target=\"_blank\" rel=\"noopener\">-Pinzell bamb\u00fa<\/a><\/p>\n<p>*ATENCI\u00d3: El nostre wasabi \u00e9s petit i va creixent (lent per\u00f2 segur!), aix\u00ed que temporalment, el wasabi servit en aquest pack pot ser d&#8217;importaci\u00f3.<\/p>\n","protected":false},"excerpt":{"rendered":"<p>El wasabi pack small \u00e9s l&#8217;ideal per iniciar-se al wasabi fresc<br \/>\n<a href=\"https:\/\/yamaaoi.com\/productos\/tronco-km0-pequeno-25-49g\/\">-100g (+\/-5) de peces petites<\/a><br \/>\n<a href=\"https:\/\/yamaaoi.com\/productos\/rallador-japones-de-acero-samekichi\/\">-Ratllador &#8220;Samekichi&#8221; S<\/a><br \/>\n<a href=\"https:\/\/yamaaoi.com\/productos\/pincel-bamboo\/\">-Pinzell bamb\u00fa<\/a><\/p>\n<p>*ATENCI\u00d3: Estem en el proc\u00e9s de moure el nostre wasabi a un nou empla\u00e7ament, aix\u00ed que temporalment, el wasabi servit en aquest pack \u00e9s d&#8217;importaci\u00f3.<\/p>\n","protected":false},"featured_media":5951,"template":"","meta":{"_acf_changed":false},"product_brand":[],"product_cat":[73],"product_tag":[],"class_list":{"0":"post-6542","1":"product","2":"type-product","3":"status-publish","4":"has-post-thumbnail","6":"product_cat-wasabi-classics-ca","8":"first","9":"instock","10":"sale","11":"featured","12":"taxable","13":"shipping-taxable","14":"purchasable","15":"product-type-simple"},"acf":[],"_links":{"self":[{"href":"https:\/\/www.yamaaoi.com\/ca\/wp-json\/wp\/v2\/product\/6542","targetHints":{"allow":["GET"]}}],"collection":[{"href":"https:\/\/www.yamaaoi.com\/ca\/wp-json\/wp\/v2\/product"}],"about":[{"href":"https:\/\/www.yamaaoi.com\/ca\/wp-json\/wp\/v2\/types\/product"}],"wp:featuredmedia":[{"embeddable":true,"href":"https:\/\/www.yamaaoi.com\/ca\/wp-json\/wp\/v2\/media\/5951"}],"wp:attachment":[{"href":"https:\/\/www.yamaaoi.com\/ca\/wp-json\/wp\/v2\/media?parent=6542"}],"wp:term":[{"taxonomy":"product_brand","embeddable":true,"href":"https:\/\/www.yamaaoi.com\/ca\/wp-json\/wp\/v2\/product_brand?post=6542"},{"taxonomy":"product_cat","embeddable":true,"href":"https:\/\/www.yamaaoi.com\/ca\/wp-json\/wp\/v2\/product_cat?post=6542"},{"taxonomy":"product_tag","embeddable":true,"href":"https:\/\/www.yamaaoi.com\/ca\/wp-json\/wp\/v2\/product_tag?post=6542"}],"curies":[{"name":"wp","href":"https:\/\/api.w.org\/{rel}","templated":true}]}}