{"id":6536,"date":"2021-01-09T10:18:01","date_gmt":"2021-01-09T10:18:01","guid":{"rendered":"https:\/\/yamaaoi.com\/productos\/wasabi-pack-large\/"},"modified":"2023-12-21T12:29:05","modified_gmt":"2023-12-21T12:29:05","slug":"wasabi-pack-large","status":"publish","type":"product","link":"https:\/\/www.yamaaoi.com\/ca\/productos\/wasabi-pack-large\/","title":{"rendered":"Wasabi Pack Large"},"content":{"rendered":"<p>Aquest pack t\u00e9 tot all\u00f2 necesari per gaudir d&#8217;una experi\u00e8ncia complerta.<br \/>\n<a href=\"https:\/\/yamaaoi.com\/productos\/tronco-wasabi-km0-grande-50-100g\/\" target=\"_blank\" rel=\"noopener\">-100g de wasabi en 1 o 2 peces (+\/-5)<\/a> *<br \/>\n<a href=\"https:\/\/yamaaoi.com\/productos\/rallador-japones-de-acero-samekichi\/\" target=\"_blank\" rel=\"noopener\">-Ratllador &#8220;Samekichi&#8221; M<\/a><br \/>\n<a href=\"https:\/\/yamaaoi.com\/productos\/pincel-wasabi-fibra-orquidea\/\" target=\"_blank\" rel=\"noopener\">-Pinzell Fibra Orqu\u00eddia M<\/a> &#8220;temporalment esgotat, substitueix: pinzell de bamboo&#8221;<\/p>\n<p>*ATENCI\u00d3: Estem en el proc\u00e9s de moure el nostre wasabi a un nou empla\u00e7ament, aix\u00ed que temporalment, el wasabi servit en aquest pack \u00e9s d&#8217;importaci\u00f3.<\/p>\n","protected":false},"excerpt":{"rendered":"<p>El Wasabi Pack Large t\u00e9 tot all\u00f2 necesari per gaudir d&#8217;una experi\u00e8ncia complerta.<br \/>\n<a href=\"https:\/\/yamaaoi.com\/productos\/tronco-wasabi-km0-grande-50-100g\/\">-100g de wasabi en 1 o 2 peces (+\/-5)<\/a> *<br \/>\n<a href=\"https:\/\/yamaaoi.com\/productos\/rallador-japones-de-acero-samekichi\/\">-Ratllador &#8220;Samekichi&#8221; M<\/a><br \/>\n<a href=\"https:\/\/yamaaoi.com\/productos\/pincel-wasabi-fibra-orquidea\/\">-Pinzell Fibra Orqu\u00eddia M<\/a> &#8220;temporalment esgotat, substitueix: pinzell de bamboo&#8221;<\/p>\n<p>*ATENCI\u00d3: El nostre wasabi encara \u00e9s petit i va creixent a bon ritme (lent per\u00f2 segur!), aix\u00ed que temporalment, el wasabi servit en aquest pack \u00e9s d&#8217;importaci\u00f3.<\/p>\n","protected":false},"featured_media":5949,"template":"","meta":{"_acf_changed":false},"product_brand":[],"product_cat":[73],"product_tag":[],"class_list":{"0":"post-6536","1":"product","2":"type-product","3":"status-publish","4":"has-post-thumbnail","6":"product_cat-wasabi-classics-ca","8":"first","9":"instock","10":"sale","11":"featured","12":"taxable","13":"shipping-taxable","14":"purchasable","15":"product-type-simple"},"acf":[],"_links":{"self":[{"href":"https:\/\/www.yamaaoi.com\/ca\/wp-json\/wp\/v2\/product\/6536","targetHints":{"allow":["GET"]}}],"collection":[{"href":"https:\/\/www.yamaaoi.com\/ca\/wp-json\/wp\/v2\/product"}],"about":[{"href":"https:\/\/www.yamaaoi.com\/ca\/wp-json\/wp\/v2\/types\/product"}],"wp:featuredmedia":[{"embeddable":true,"href":"https:\/\/www.yamaaoi.com\/ca\/wp-json\/wp\/v2\/media\/5949"}],"wp:attachment":[{"href":"https:\/\/www.yamaaoi.com\/ca\/wp-json\/wp\/v2\/media?parent=6536"}],"wp:term":[{"taxonomy":"product_brand","embeddable":true,"href":"https:\/\/www.yamaaoi.com\/ca\/wp-json\/wp\/v2\/product_brand?post=6536"},{"taxonomy":"product_cat","embeddable":true,"href":"https:\/\/www.yamaaoi.com\/ca\/wp-json\/wp\/v2\/product_cat?post=6536"},{"taxonomy":"product_tag","embeddable":true,"href":"https:\/\/www.yamaaoi.com\/ca\/wp-json\/wp\/v2\/product_tag?post=6536"}],"curies":[{"name":"wp","href":"https:\/\/api.w.org\/{rel}","templated":true}]}}