{"id":6522,"date":"2021-03-05T12:44:30","date_gmt":"2021-03-05T12:44:30","guid":{"rendered":"https:\/\/yamaaoi.com\/productos\/rallador-tradicional-samehisa-m\/"},"modified":"2022-01-14T10:52:49","modified_gmt":"2022-01-14T10:52:49","slug":"ratllador-tradicional-samehisa-m","status":"publish","type":"product","link":"https:\/\/www.yamaaoi.com\/ca\/productos\/ratllador-tradicional-samehisa-m\/","title":{"rendered":"Ratllador tradicional Samehisa M 112x62x68mm"},"content":{"rendered":"<p>Ratllador tradicional Samehisa M<\/p>\n<p>Mida: 112x62x68mm<\/p>\n<p>La s\u00e8rie Samehisa presenta uns ratlladors amb resultats excel\u00b7lents tant per a \u00fas particular com professional.<\/p>\n<p>No es pot entendre el consum de wasabi fresc sense el seu accessori principal, el ratllador de wasabi conegut en japon\u00e8s com Oroshigane o Oroshiki. El ratllador tradicional japon\u00e8s, per a wasabi fresc, de pell de taur\u00f3 amb base de fusta de cedre natural, \u00e9s considerat la millor eina per obtenir una pasta de wasabi de m\u00e0xima qualitat.<\/p>\n<p>Quan es ratlla amb aquest tipus de ratllador, la pasta que se n&#8217;obt\u00e9 \u00e9s m\u00e9s arom\u00e0tica i cremosa, que per exemple amb un ratllador d&#8217;acer o de cer\u00e0mica. A m\u00e9s, \u00e9s capa\u00e7 de generar una gran quantitat d&#8217;ail isotiocianat, aquest compost \u00fanic del wasabi fresc, que produeix la sensaci\u00f3 de picant fresc i ef\u00edmer, que es dissipa r\u00e0pidament per les fosses nasals.<\/p>\n","protected":false},"excerpt":{"rendered":"<p>Ratllador tradicional Samehisa M<\/p>\n<p>Mida: 112x62x68mm<\/p>\n<p>La s\u00e8rie Samehisa presenta uns ratlladors amb resultats excel\u00b7lents tant per a \u00fas particular com professional.<\/p>\n","protected":false},"featured_media":6039,"template":"","meta":{"_acf_changed":false},"product_brand":[],"product_cat":[88],"product_tag":[],"class_list":{"0":"post-6522","1":"product","2":"type-product","3":"status-publish","4":"has-post-thumbnail","6":"product_cat-ralladores-wasabi-ca","8":"first","9":"instock","10":"taxable","11":"shipping-taxable","12":"purchasable","13":"product-type-simple"},"acf":[],"_links":{"self":[{"href":"https:\/\/www.yamaaoi.com\/ca\/wp-json\/wp\/v2\/product\/6522","targetHints":{"allow":["GET"]}}],"collection":[{"href":"https:\/\/www.yamaaoi.com\/ca\/wp-json\/wp\/v2\/product"}],"about":[{"href":"https:\/\/www.yamaaoi.com\/ca\/wp-json\/wp\/v2\/types\/product"}],"wp:featuredmedia":[{"embeddable":true,"href":"https:\/\/www.yamaaoi.com\/ca\/wp-json\/wp\/v2\/media\/6039"}],"wp:attachment":[{"href":"https:\/\/www.yamaaoi.com\/ca\/wp-json\/wp\/v2\/media?parent=6522"}],"wp:term":[{"taxonomy":"product_brand","embeddable":true,"href":"https:\/\/www.yamaaoi.com\/ca\/wp-json\/wp\/v2\/product_brand?post=6522"},{"taxonomy":"product_cat","embeddable":true,"href":"https:\/\/www.yamaaoi.com\/ca\/wp-json\/wp\/v2\/product_cat?post=6522"},{"taxonomy":"product_tag","embeddable":true,"href":"https:\/\/www.yamaaoi.com\/ca\/wp-json\/wp\/v2\/product_tag?post=6522"}],"curies":[{"name":"wp","href":"https:\/\/api.w.org\/{rel}","templated":true}]}}