{"id":6512,"date":"2021-03-10T12:08:18","date_gmt":"2021-03-10T12:08:18","guid":{"rendered":"https:\/\/yamaaoi.com\/productos\/rallador-tradicional-rozan-xl\/"},"modified":"2022-03-29T13:55:04","modified_gmt":"2022-03-29T13:55:04","slug":"ratllador-tradicional-rozan-xl","status":"publish","type":"product","link":"https:\/\/www.yamaaoi.com\/ca\/productos\/ratllador-tradicional-rozan-xl\/","title":{"rendered":"Ratllador tradicional Rozan XL 239x114x126mm"},"content":{"rendered":"<p>Ratllador tradicional Rozan XL;<\/p>\n<p>Mida: 239x114x126mm;<\/p>\n<p>Rozan \u00e9s una s\u00e8rie de ratlladors amb acabats premium. Est\u00e0 fabricat de forma artesanal, amb els millors materials, per a un \u00fas professional.<\/p>\n<p>No es pot entendre el consum de wasabi fresc sense el seu accessori principal, el ratllador de wasabi conegut en japon\u00e8s com Oroshigane o Oroshiki. El ratllador tradicional japon\u00e8s, per a wasabi fresc, de pell de taur\u00f3 amb base de fusta de cedre natural, \u00e9s considerat la millor eina per obtenir una pasta de wasabi de m\u00e0xima qualitat.<\/p>\n<p>Quan es ratlla amb aquest tipus de ratllador, la pasta que se n&#8217;obt\u00e9 \u00e9s m\u00e9s arom\u00e0tica i cremosa, que per exemple amb un ratllador d&#8217;acer o de cer\u00e0mica. A m\u00e9s, \u00e9s capa\u00e7 de generar una gran quantitat d&#8217;ail isotiocianat, aquest compost \u00fanic del wasabi fresc, que produeix la sensaci\u00f3 de picant fresc i ef\u00edmer, que es dissipa r\u00e0pidament per les fosses nasals.<\/p>\n","protected":false},"excerpt":{"rendered":"<p>Ratllador tradicional Rozan XL;<\/p>\n<p>Mida: 239x114x126mm;<\/p>\n<p>Rozan \u00e9s una s\u00e8rie de ratlladors amb acabats premium. Est\u00e0 fabricat de forma artesanal, amb els millors materials, per a un \u00fas professional.<\/p>\n<p>&nbsp;<\/p>\n","protected":false},"featured_media":6031,"template":"","meta":{"_acf_changed":false},"product_brand":[],"product_cat":[88],"product_tag":[],"class_list":{"0":"post-6512","1":"product","2":"type-product","3":"status-publish","4":"has-post-thumbnail","6":"product_cat-ralladores-wasabi-ca","8":"first","9":"instock","10":"taxable","11":"shipping-taxable","12":"purchasable","13":"product-type-simple"},"acf":[],"_links":{"self":[{"href":"https:\/\/www.yamaaoi.com\/ca\/wp-json\/wp\/v2\/product\/6512","targetHints":{"allow":["GET"]}}],"collection":[{"href":"https:\/\/www.yamaaoi.com\/ca\/wp-json\/wp\/v2\/product"}],"about":[{"href":"https:\/\/www.yamaaoi.com\/ca\/wp-json\/wp\/v2\/types\/product"}],"wp:featuredmedia":[{"embeddable":true,"href":"https:\/\/www.yamaaoi.com\/ca\/wp-json\/wp\/v2\/media\/6031"}],"wp:attachment":[{"href":"https:\/\/www.yamaaoi.com\/ca\/wp-json\/wp\/v2\/media?parent=6512"}],"wp:term":[{"taxonomy":"product_brand","embeddable":true,"href":"https:\/\/www.yamaaoi.com\/ca\/wp-json\/wp\/v2\/product_brand?post=6512"},{"taxonomy":"product_cat","embeddable":true,"href":"https:\/\/www.yamaaoi.com\/ca\/wp-json\/wp\/v2\/product_cat?post=6512"},{"taxonomy":"product_tag","embeddable":true,"href":"https:\/\/www.yamaaoi.com\/ca\/wp-json\/wp\/v2\/product_tag?post=6512"}],"curies":[{"name":"wp","href":"https:\/\/api.w.org\/{rel}","templated":true}]}}