{"id":6454,"date":"2021-11-30T13:01:33","date_gmt":"2021-11-30T13:01:33","guid":{"rendered":"https:\/\/yamaaoi.com\/productos\/alga-kombu-25gr\/"},"modified":"2022-01-12T12:24:04","modified_gmt":"2022-01-12T12:24:04","slug":"alga-kombu-25gr","status":"publish","type":"product","link":"https:\/\/www.yamaaoi.com\/ca\/productos\/alga-kombu-25gr\/","title":{"rendered":"Alga Kombu 25gr"},"content":{"rendered":"<p>Les fulles de l&#8217;alga Ma kombu s\u00f3n de color marr\u00f3 clar, de 1 a 8 metres de llargada i de 13 a 30 cm d&#8217;amplada. Les parts inferiors s\u00f3n amples i estretes a prop de la tija.<\/p>\n<p>La nostra combinaci\u00f3 perfecta: l&#8217;alga ma kombu s&#8217;usa per fer brous dashi d&#8217;alta qualitat, per\u00f2 tamb\u00e9 \u00e9s adequat per fer shio-kombu (kombu de sal), oboro-kombu (fulles de kombu seques) o tororo-kombu (kombu raspallat assecat )<\/p>\n<p>Textos: Nishikidori<\/p>\n","protected":false},"excerpt":{"rendered":"<p>L&#8217;alga Ma Kombu \u00e9s el kombu m\u00e9s popular i de m\u00e9s qualitat. Molt apreciada al Jap\u00f3, per les fulles amples i gruixudes. T\u00e9 una dol\u00e7or refinada i permet elaborar brous clars.<\/p>\n<p>Pot 25 gr<\/p>\n","protected":false},"featured_media":6153,"template":"","meta":{"_acf_changed":false},"product_brand":[],"product_cat":[77,83],"product_tag":[],"class_list":{"0":"post-6454","1":"product","2":"type-product","3":"status-publish","4":"has-post-thumbnail","6":"product_cat-gourmet-japones-gourmet-japones-ca","7":"product_cat-algues","9":"first","10":"outofstock","11":"taxable","12":"shipping-taxable","13":"purchasable","14":"product-type-simple"},"acf":[],"_links":{"self":[{"href":"https:\/\/www.yamaaoi.com\/ca\/wp-json\/wp\/v2\/product\/6454","targetHints":{"allow":["GET"]}}],"collection":[{"href":"https:\/\/www.yamaaoi.com\/ca\/wp-json\/wp\/v2\/product"}],"about":[{"href":"https:\/\/www.yamaaoi.com\/ca\/wp-json\/wp\/v2\/types\/product"}],"wp:featuredmedia":[{"embeddable":true,"href":"https:\/\/www.yamaaoi.com\/ca\/wp-json\/wp\/v2\/media\/6153"}],"wp:attachment":[{"href":"https:\/\/www.yamaaoi.com\/ca\/wp-json\/wp\/v2\/media?parent=6454"}],"wp:term":[{"taxonomy":"product_brand","embeddable":true,"href":"https:\/\/www.yamaaoi.com\/ca\/wp-json\/wp\/v2\/product_brand?post=6454"},{"taxonomy":"product_cat","embeddable":true,"href":"https:\/\/www.yamaaoi.com\/ca\/wp-json\/wp\/v2\/product_cat?post=6454"},{"taxonomy":"product_tag","embeddable":true,"href":"https:\/\/www.yamaaoi.com\/ca\/wp-json\/wp\/v2\/product_tag?post=6454"}],"curies":[{"name":"wp","href":"https:\/\/api.w.org\/{rel}","templated":true}]}}