{"id":6443,"date":"2021-11-30T14:11:13","date_gmt":"2021-11-30T14:11:13","guid":{"rendered":"https:\/\/yamaaoi.com\/productos\/vinagre-de-arroz-fujiso-premium-360-ml\/"},"modified":"2022-01-12T10:49:05","modified_gmt":"2022-01-12T10:49:05","slug":"vinagre-darros-fujiso-premium-360-ml","status":"publish","type":"product","link":"https:\/\/www.yamaaoi.com\/ca\/productos\/vinagre-darros-fujiso-premium-360-ml\/","title":{"rendered":"Vinagre d&#8217;arr\u00f2s Fujiso premium 360 ml"},"content":{"rendered":"<p>Per elaborar 1 litre del vinagre d&#8217;arr\u00f2s Fujisu Premium, Lio Jyozo fa servir 320 g d&#8217;arr\u00f2s. La seva fermentaci\u00f3 \u00e9s llarga, almenys un any i fins i tot pot arribar fins a tres anys.<br \/>\nD&#8217;aquesta manera el vinagre adquireix un color ambre i una rodonesa i riquesa arom\u00e0tica sorprenents.<br \/>\nLa producci\u00f3 \u00e9s molt petita, tan sols 230 tones per any, l&#8217;equivalent al 0,10% del mercat japon\u00e8s.<br \/>\nEls millors xefs no poden estar equivocats. Aquest vinagre es troba a les cuines japoneses m\u00e9s famoses. El vinagre d&#8217;arr\u00f2s Fujisu Premium \u00e9s tan delicat com el daiginjo-shu, un sake d&#8217;alta qualitat, elaborat amb grans d&#8217;arr\u00f2s blanquejats al 50% o menys, i un sabor intens, que el productor ha mantingut igual durant m\u00e9s de vint anys .<br \/>\nEls mestres productors de vinagre de Lio Jyozo poden aconseguir el millor sabor a arr\u00f2s gr\u00e0cies a la perseveran\u00e7a en l&#8217;\u00fas d&#8217;ingredients i m\u00e8todes d&#8217;elaboraci\u00f3 d&#8217;alta qualitat. Aquest vinagre segueix estrictament els antics m\u00e8todes de fermentaci\u00f3 est\u00e0tica i un per\u00edode de maduraci\u00f3 llarg.<br \/>\nGr\u00e0cies a aquest llarg proc\u00e9s, Lio Jyozo ha elaborat un vinagre d&#8217;arr\u00f2s amb una frag\u00e0ncia dol\u00e7a, un suau gust de vinagre i un ric gust d&#8217;umami.<\/p>\n<p>El nostre suggeriment: A m\u00e9s de la seva acidesa aquest vinagre es pot utilitzar com un poder\u00f3s brou d&#8217;umami. Proporciona el complement perfecte per a plats especials com adobats, sushi, salses i altres vinagretes o amaniments.<\/p>\n<p>Textos: Nishikidori<\/p>\n","protected":false},"excerpt":{"rendered":"<p>El vinagre d&#8217;arr\u00f2s Fujisu Premium podria ser considerat, sens dubte, com el millor vinagre d&#8217;arr\u00f2s del m\u00f3n!<\/p>\n<p>Flasc\u00f3 de 360 ml<\/p>\n","protected":false},"featured_media":6149,"template":"","meta":{"_acf_changed":false},"product_brand":[],"product_cat":[82],"product_tag":[],"class_list":{"0":"post-6443","1":"product","2":"type-product","3":"status-publish","4":"has-post-thumbnail","6":"product_cat-vinagres-ca","8":"first","9":"outofstock","10":"taxable","11":"shipping-taxable","12":"purchasable","13":"product-type-simple"},"acf":[],"_links":{"self":[{"href":"https:\/\/www.yamaaoi.com\/ca\/wp-json\/wp\/v2\/product\/6443","targetHints":{"allow":["GET"]}}],"collection":[{"href":"https:\/\/www.yamaaoi.com\/ca\/wp-json\/wp\/v2\/product"}],"about":[{"href":"https:\/\/www.yamaaoi.com\/ca\/wp-json\/wp\/v2\/types\/product"}],"wp:featuredmedia":[{"embeddable":true,"href":"https:\/\/www.yamaaoi.com\/ca\/wp-json\/wp\/v2\/media\/6149"}],"wp:attachment":[{"href":"https:\/\/www.yamaaoi.com\/ca\/wp-json\/wp\/v2\/media?parent=6443"}],"wp:term":[{"taxonomy":"product_brand","embeddable":true,"href":"https:\/\/www.yamaaoi.com\/ca\/wp-json\/wp\/v2\/product_brand?post=6443"},{"taxonomy":"product_cat","embeddable":true,"href":"https:\/\/www.yamaaoi.com\/ca\/wp-json\/wp\/v2\/product_cat?post=6443"},{"taxonomy":"product_tag","embeddable":true,"href":"https:\/\/www.yamaaoi.com\/ca\/wp-json\/wp\/v2\/product_tag?post=6443"}],"curies":[{"name":"wp","href":"https:\/\/api.w.org\/{rel}","templated":true}]}}