{"id":6440,"date":"2021-11-30T15:15:38","date_gmt":"2021-11-30T15:15:38","guid":{"rendered":"https:\/\/yamaaoi.com\/productos\/vinagre-de-arroz-200-ml\/"},"modified":"2022-01-12T10:41:59","modified_gmt":"2022-01-12T10:41:59","slug":"vinagre-darros-200-ml","status":"publish","type":"product","link":"https:\/\/www.yamaaoi.com\/ca\/productos\/vinagre-darros-200-ml\/","title":{"rendered":"Vinagre d&#8217;arr\u00f2s 200 ml"},"content":{"rendered":"<p>El nostre suggeriment: aquest vinagre d&#8217;arr\u00f2s \u00e9s sublim amb salsa de soja per a sashimi, nap blanc ratllat o carn cuita en llargues coccions (estovant-la). Adequat per a vinagretes, iogurts i formatge blanc, aigua de cocci\u00f3 per a verdures o brou de peix arom\u00e0tic.<br \/>\nAfegint aquest vinagre a una mica d&#8217;oli d&#8217;oliva lleugerament salat, el carpaccio ser\u00e0 espectacular! Si s&#8217;afegeix a l&#8217;aigua amb gas, ressaltar\u00e0 el seu sabor afruitat.<br \/>\n\u00c9s igualment delici\u00f3s amb ostres fresques.<\/p>\n<p>Textos: Nishikidori<\/p>\n","protected":false},"excerpt":{"rendered":"<p>Aquest vinagre d&#8217;arr\u00f2s blanc ha estat elaborat per veritables mestres japonesos seguint escrupolosament la tradici\u00f3.<\/p>\n<p>Flasc\u00f3 de 360 ml<\/p>\n","protected":false},"featured_media":6147,"template":"","meta":{"_acf_changed":false},"product_brand":[],"product_cat":[82],"product_tag":[],"class_list":{"0":"post-6440","1":"product","2":"type-product","3":"status-publish","4":"has-post-thumbnail","6":"product_cat-vinagres-ca","8":"first","9":"outofstock","10":"taxable","11":"shipping-taxable","12":"purchasable","13":"product-type-simple"},"acf":[],"_links":{"self":[{"href":"https:\/\/www.yamaaoi.com\/ca\/wp-json\/wp\/v2\/product\/6440","targetHints":{"allow":["GET"]}}],"collection":[{"href":"https:\/\/www.yamaaoi.com\/ca\/wp-json\/wp\/v2\/product"}],"about":[{"href":"https:\/\/www.yamaaoi.com\/ca\/wp-json\/wp\/v2\/types\/product"}],"wp:featuredmedia":[{"embeddable":true,"href":"https:\/\/www.yamaaoi.com\/ca\/wp-json\/wp\/v2\/media\/6147"}],"wp:attachment":[{"href":"https:\/\/www.yamaaoi.com\/ca\/wp-json\/wp\/v2\/media?parent=6440"}],"wp:term":[{"taxonomy":"product_brand","embeddable":true,"href":"https:\/\/www.yamaaoi.com\/ca\/wp-json\/wp\/v2\/product_brand?post=6440"},{"taxonomy":"product_cat","embeddable":true,"href":"https:\/\/www.yamaaoi.com\/ca\/wp-json\/wp\/v2\/product_cat?post=6440"},{"taxonomy":"product_tag","embeddable":true,"href":"https:\/\/www.yamaaoi.com\/ca\/wp-json\/wp\/v2\/product_tag?post=6440"}],"curies":[{"name":"wp","href":"https:\/\/api.w.org\/{rel}","templated":true}]}}