{"id":6407,"date":"2021-11-30T16:44:55","date_gmt":"2021-11-30T16:44:55","guid":{"rendered":"https:\/\/yamaaoi.com\/productos\/ponzu-champunzu-a-los-5-citricos-150-ml\/"},"modified":"2025-10-14T10:33:56","modified_gmt":"2025-10-14T10:33:56","slug":"ponzu-kankitsu-als-4-citrics-200-ml","status":"publish","type":"product","link":"https:\/\/www.yamaaoi.com\/ca\/productos\/ponzu-kankitsu-als-4-citrics-200-ml\/","title":{"rendered":"Ponzu Kankitzu al 4 c\u00edtrics 200 ml"},"content":{"rendered":"<p>El nostre ponzu kankitsu \u00e9s molt ric en suc de c\u00edtrics, gaireb\u00e9 un 30%: el molt arom\u00e0tic yuzu amb notes de mandarina verda, el daidai que combina acidesa i amargor (prop a la bergamota), el shiranui per la seva dol\u00e7or i melositat, la llimona per les seves notes \u00e0cides i de vegades gaireb\u00e9 salades. El suc de fruita es combina amb vinagre de poma i una lleugera salsa de soja. El mirin i el kombu afegeixen dol\u00e7or, profunditat i umami respectivament. El sorprenent del ponzu kankitsu \u00e9s la seva vivesa, frescor i equilibri entre sucre i sal. Els fruits d&#8217;aquesta barreja s\u00f3n seleccionats per la seva acidesa.<\/p>\n<p>Textos: Nishikidori<\/p>\n<p>Ref.080<\/p>\n","protected":false},"excerpt":{"rendered":"<p>El Ponzu Kankitsu als 4 c\u00edtrics inclou fruits que destaquen per la seva acidesa i matisos.<\/p>\n<p>El yuzu \u00e9s reconeixible per les seves notes de mandarina verda, el daidai per la seva acidesa i la seva encantadora amargor similar a la bergamota, el shiranui per la seva dol\u00e7or i melositat, la llimona per les seves notes \u00e0cides i de vegades gaireb\u00e9 salades.<\/p>\n<p>Flasc\u00f3 de 200 ml<\/p>\n","protected":false},"featured_media":10362,"template":"","meta":{"_acf_changed":false},"product_brand":[],"product_cat":[81,77,79],"product_tag":[],"class_list":{"0":"post-6407","1":"product","2":"type-product","3":"status-publish","4":"has-post-thumbnail","6":"product_cat-gourmet-japones-ca","7":"product_cat-gourmet-japones-gourmet-japones-ca","8":"product_cat-salses-japoneses","10":"first","11":"instock","12":"taxable","13":"shipping-taxable","14":"purchasable","15":"product-type-simple"},"acf":[],"_links":{"self":[{"href":"https:\/\/www.yamaaoi.com\/ca\/wp-json\/wp\/v2\/product\/6407","targetHints":{"allow":["GET"]}}],"collection":[{"href":"https:\/\/www.yamaaoi.com\/ca\/wp-json\/wp\/v2\/product"}],"about":[{"href":"https:\/\/www.yamaaoi.com\/ca\/wp-json\/wp\/v2\/types\/product"}],"wp:featuredmedia":[{"embeddable":true,"href":"https:\/\/www.yamaaoi.com\/ca\/wp-json\/wp\/v2\/media\/10362"}],"wp:attachment":[{"href":"https:\/\/www.yamaaoi.com\/ca\/wp-json\/wp\/v2\/media?parent=6407"}],"wp:term":[{"taxonomy":"product_brand","embeddable":true,"href":"https:\/\/www.yamaaoi.com\/ca\/wp-json\/wp\/v2\/product_brand?post=6407"},{"taxonomy":"product_cat","embeddable":true,"href":"https:\/\/www.yamaaoi.com\/ca\/wp-json\/wp\/v2\/product_cat?post=6407"},{"taxonomy":"product_tag","embeddable":true,"href":"https:\/\/www.yamaaoi.com\/ca\/wp-json\/wp\/v2\/product_tag?post=6407"}],"curies":[{"name":"wp","href":"https:\/\/api.w.org\/{rel}","templated":true}]}}