{"id":6375,"date":"2021-12-01T15:27:59","date_gmt":"2021-12-01T15:27:59","guid":{"rendered":"https:\/\/yamaaoi.com\/productos\/trigo-sarraceno-tostado-200-gr\/"},"modified":"2022-01-10T12:40:20","modified_gmt":"2022-01-10T12:40:20","slug":"blat-sarrai-torrat-200-gr","status":"publish","type":"product","link":"https:\/\/www.yamaaoi.com\/ca\/productos\/blat-sarrai-torrat-200-gr\/","title":{"rendered":"Blat sarra\u00ed torrat 200 gr"},"content":{"rendered":"<p>El blat sarra\u00ed, o soba en japon\u00e8s, \u00e9s un component cl\u00e0ssic de la cuina japonesa, especialment en forma de deliciosos fideus.<br \/>\nUn cop torrat, tamb\u00e9 es pot infusionar. La seva infusi\u00f3 prolongada produir\u00e0 un l\u00edquid color caoba de textura gelatinosa que combina perfectament amb llagostins o vieires.<\/p>\n<p>El nostre suggeriment: marisc, peix, carns blanques, ganache de xocolata, pralin\u00e9, galetes i gelats&#8230;<\/p>\n","protected":false},"excerpt":{"rendered":"<p>El blat sarra\u00ed \u00e9s un ingredient \u00e0mpliament utilitzat en la gastronomia japonesa. Torrat, el blat sarra\u00ed t\u00e9 una delici\u00f3s aroma a galette.<\/p>\n<p>Paquet 200 gr<\/p>\n","protected":false},"featured_media":6091,"template":"","meta":{"_acf_changed":false},"product_brand":[],"product_cat":[77],"product_tag":[],"class_list":{"0":"post-6375","1":"product","2":"type-product","3":"status-publish","4":"has-post-thumbnail","6":"product_cat-gourmet-japones-gourmet-japones-ca","8":"first","9":"outofstock","10":"taxable","11":"shipping-taxable","12":"purchasable","13":"product-type-simple"},"acf":[],"_links":{"self":[{"href":"https:\/\/www.yamaaoi.com\/ca\/wp-json\/wp\/v2\/product\/6375","targetHints":{"allow":["GET"]}}],"collection":[{"href":"https:\/\/www.yamaaoi.com\/ca\/wp-json\/wp\/v2\/product"}],"about":[{"href":"https:\/\/www.yamaaoi.com\/ca\/wp-json\/wp\/v2\/types\/product"}],"wp:featuredmedia":[{"embeddable":true,"href":"https:\/\/www.yamaaoi.com\/ca\/wp-json\/wp\/v2\/media\/6091"}],"wp:attachment":[{"href":"https:\/\/www.yamaaoi.com\/ca\/wp-json\/wp\/v2\/media?parent=6375"}],"wp:term":[{"taxonomy":"product_brand","embeddable":true,"href":"https:\/\/www.yamaaoi.com\/ca\/wp-json\/wp\/v2\/product_brand?post=6375"},{"taxonomy":"product_cat","embeddable":true,"href":"https:\/\/www.yamaaoi.com\/ca\/wp-json\/wp\/v2\/product_cat?post=6375"},{"taxonomy":"product_tag","embeddable":true,"href":"https:\/\/www.yamaaoi.com\/ca\/wp-json\/wp\/v2\/product_tag?post=6375"}],"curies":[{"name":"wp","href":"https:\/\/api.w.org\/{rel}","templated":true}]}}