{"id":6366,"date":"2021-12-03T17:27:44","date_gmt":"2021-12-03T17:27:44","guid":{"rendered":"https:\/\/yamaaoi.com\/productos\/sushi-chef-pack\/"},"modified":"2023-12-21T12:32:20","modified_gmt":"2023-12-21T12:32:20","slug":"sushi-chef-pack","status":"publish","type":"product","link":"https:\/\/www.yamaaoi.com\/ca\/productos\/sushi-chef-pack\/","title":{"rendered":"Sushi Chef Pack"},"content":{"rendered":"<p>Aquest fant\u00e0stic pack us permetr\u00e0 convertir-vos en aut\u00e8ntics xefs de sushi. Un pack que cont\u00e9 productes premium japonesos, el nostre millor wasabi fresc i tamb\u00e9 els accessoris essencials per elaborar les vostres receptes de sushi m\u00e9s exquisides: sashimi, makis, temakis o nigiris. Encara que estem segurs, que a m\u00e9s de sushi \u00e9s perfecte per elaborar mil receptes m\u00e9s!!<\/p>\n<p>El pack per als amants de la gastronomia japonesa!<\/p>\n<p>Al Sushi Chef Pack s&#8217;inclouen:<\/p>\n<p>&#8211; Vinagre per a sushi Akasu Sushizu Premium 150ml<\/p>\n<p>&#8211; Salsa de soja antiga de 2 anys de maduraci\u00f3 (200 ml)<br \/>\n&#8211; Arr\u00f2s Koshihikari de Toyama (1 kg)<\/p>\n<p>&#8211; Alga nori Ariake Premium 1\/2 fulles (25 gr)<\/p>\n<p>&#8211; Wasabi fresc (50 g en 1 o 2 peces)<br \/>\n&#8211; 1 Ratllador Samekichi d&#8217;acer inoxidable, tamany M<br \/>\n&#8211; 1 pinzell d&#8217;orqu\u00eddia &#8220;temporalment esgotat, substitueix: pinzell de bamboo&#8221;<br \/>\n&#8211; 1 Esterilla per a sushi de bamb\u00fa<br \/>\n&#8211; 1 pinces kanto<\/p>\n","protected":false},"excerpt":{"rendered":"<p>El Sushi Chef Pack cont\u00e9 els productes perqu\u00e8 us convertiu en aut\u00e8ntics mestres del sushi a m\u00e9s de permeteu-vos cuinar una infinitat de receptes m\u00e9s!<\/p>\n<p>*ATENCI\u00d3: Estem en el proc\u00e9s de moure el nostre wasabi a un nou empla\u00e7ament, aix\u00ed que temporalment, el wasabi fresc servit en aquest pack pot ser d&#8217;importaci\u00f3 del Jap\u00f3. Algun producte de la fotografia podria no coincidir exactament amb la llista de productes de la Descripci\u00f3.<\/p>\n","protected":false},"featured_media":6131,"template":"","meta":{"_acf_changed":false},"product_brand":[],"product_cat":[75],"product_tag":[],"class_list":{"0":"post-6366","1":"product","2":"type-product","3":"status-publish","4":"has-post-thumbnail","6":"product_cat-sushi-packs-ca","8":"first","9":"outofstock","10":"sale","11":"taxable","12":"shipping-taxable","13":"purchasable","14":"product-type-simple"},"acf":[],"_links":{"self":[{"href":"https:\/\/www.yamaaoi.com\/ca\/wp-json\/wp\/v2\/product\/6366","targetHints":{"allow":["GET"]}}],"collection":[{"href":"https:\/\/www.yamaaoi.com\/ca\/wp-json\/wp\/v2\/product"}],"about":[{"href":"https:\/\/www.yamaaoi.com\/ca\/wp-json\/wp\/v2\/types\/product"}],"wp:featuredmedia":[{"embeddable":true,"href":"https:\/\/www.yamaaoi.com\/ca\/wp-json\/wp\/v2\/media\/6131"}],"wp:attachment":[{"href":"https:\/\/www.yamaaoi.com\/ca\/wp-json\/wp\/v2\/media?parent=6366"}],"wp:term":[{"taxonomy":"product_brand","embeddable":true,"href":"https:\/\/www.yamaaoi.com\/ca\/wp-json\/wp\/v2\/product_brand?post=6366"},{"taxonomy":"product_cat","embeddable":true,"href":"https:\/\/www.yamaaoi.com\/ca\/wp-json\/wp\/v2\/product_cat?post=6366"},{"taxonomy":"product_tag","embeddable":true,"href":"https:\/\/www.yamaaoi.com\/ca\/wp-json\/wp\/v2\/product_tag?post=6366"}],"curies":[{"name":"wp","href":"https:\/\/api.w.org\/{rel}","templated":true}]}}