{"id":6363,"date":"2021-12-05T11:10:50","date_gmt":"2021-12-05T11:10:50","guid":{"rendered":"https:\/\/yamaaoi.com\/productos\/sushi-premium-pack\/"},"modified":"2023-12-21T12:33:42","modified_gmt":"2023-12-21T12:33:42","slug":"sushi-premium-pack","status":"publish","type":"product","link":"https:\/\/www.yamaaoi.com\/ca\/productos\/sushi-premium-pack\/","title":{"rendered":"Sushi Premium Pack"},"content":{"rendered":"<p>Apassionats pel menjar japon\u00e8s? Si \u00e9s el vostre cas, aquest \u00e9s, sens dubte, el vostre pack. A m\u00e9s de contenir els productes essencials de la gastronomia japonesa, en aquest pack tamb\u00e9 posem a la vostra disposici\u00f3, els ingredients m\u00e9s selectes com el Ponzu Champunzu als cinc c\u00edtrics, la salsa de soja madurada durant 2 anys o les llavors torrades de s\u00e8sam al yuzu. A m\u00e9s, el pack ve acompanyat per 100 grams de wasabi fresc, i d&#8217;accessoris com a pinces o pinzells per salsejar.<\/p>\n<p>Amb tot aix\u00f2, ben segur que podreu donar ales a la vostra passi\u00f3 pel menjar japon\u00e8s i deixar volar la vostra creativitat!<\/p>\n<p>Al Sushi Premium Pack s&#8217;inclouen:<br \/>\n&#8211; Vinagre per a Sushi Akazu Sushizu Premium (150ml)<br \/>\n&#8211; Salsa de soja antiga de 3 anys de maduraci\u00f3 (500 ml)<br \/>\n&#8211; Arr\u00f2s Koshihikari de Toyama (1 kg)<br \/>\n&#8211; Llavors de s\u00e8sam torrades, al yuzu.<br \/>\n&#8211; Ponzu Champunzu als 5 c\u00edtrics<br \/>\n&#8211; Alga nori qualitat superior (30 gr)<br \/>\n&#8211; Wasabi fresc (100 g en 1 o 2 peces)<br \/>\n&#8211; 1 Ratllador Samehisha tradicional de pell de taur\u00f3, mida M<br \/>\n&#8211; 1 Pinzell d&#8217;orqu\u00eddia &#8220;temporalment esgotat, substitueix: pinzell de bamboo&#8221;<br \/>\n&#8211; 1 Estora per a sushi de bamb\u00fa<br \/>\n&#8211; 1 Pinces kansai<br \/>\n&#8211; 1 Pinzell per a salses japoneses de fibra naural 36 mm<\/p>\n","protected":false},"excerpt":{"rendered":"<p>El Sushi Premium Pack \u00e9s el pack definitiu per convertir-vos en aut\u00e8ntics sushi xefs! Ingredients premium, el millor wasabi i els accessoris imprescindibles per gaudir de la gastronomia japonesa com mai!<\/p>\n<p>*ATENCI\u00d3: Estem en el proc\u00e9s de moure el nostre wasabi a un nou empla\u00e7ament, aix\u00ed que temporalment, el wasabi fresc servit en aquest pack pot ser d&#8217;importaci\u00f3 del Jap\u00f3. Algun producte de la fotografia podria no coincidir exactament amb la llista de productes de la Descripci\u00f3.<\/p>\n","protected":false},"featured_media":6123,"template":"","meta":{"_acf_changed":false},"product_brand":[],"product_cat":[75],"product_tag":[],"class_list":{"0":"post-6363","1":"product","2":"type-product","3":"status-publish","4":"has-post-thumbnail","6":"product_cat-sushi-packs-ca","8":"first","9":"outofstock","10":"sale","11":"taxable","12":"shipping-taxable","13":"purchasable","14":"product-type-simple"},"acf":[],"_links":{"self":[{"href":"https:\/\/www.yamaaoi.com\/ca\/wp-json\/wp\/v2\/product\/6363","targetHints":{"allow":["GET"]}}],"collection":[{"href":"https:\/\/www.yamaaoi.com\/ca\/wp-json\/wp\/v2\/product"}],"about":[{"href":"https:\/\/www.yamaaoi.com\/ca\/wp-json\/wp\/v2\/types\/product"}],"wp:featuredmedia":[{"embeddable":true,"href":"https:\/\/www.yamaaoi.com\/ca\/wp-json\/wp\/v2\/media\/6123"}],"wp:attachment":[{"href":"https:\/\/www.yamaaoi.com\/ca\/wp-json\/wp\/v2\/media?parent=6363"}],"wp:term":[{"taxonomy":"product_brand","embeddable":true,"href":"https:\/\/www.yamaaoi.com\/ca\/wp-json\/wp\/v2\/product_brand?post=6363"},{"taxonomy":"product_cat","embeddable":true,"href":"https:\/\/www.yamaaoi.com\/ca\/wp-json\/wp\/v2\/product_cat?post=6363"},{"taxonomy":"product_tag","embeddable":true,"href":"https:\/\/www.yamaaoi.com\/ca\/wp-json\/wp\/v2\/product_tag?post=6363"}],"curies":[{"name":"wp","href":"https:\/\/api.w.org\/{rel}","templated":true}]}}