{"id":6257,"date":"2021-12-05T12:27:41","date_gmt":"2021-12-05T12:27:41","guid":{"rendered":"https:\/\/yamaaoi.com\/productos\/wasabi-premium-pack-large\/"},"modified":"2023-12-21T12:30:43","modified_gmt":"2023-12-21T12:30:43","slug":"wasabi-premium-pack-large","status":"publish","type":"product","link":"https:\/\/www.yamaaoi.com\/ca\/productos\/wasabi-premium-pack-large\/","title":{"rendered":"Wasabi premium pack large"},"content":{"rendered":"<p>Hem creat aquest pack per a aquells amants del wasabi fresc que desitgin utilitzar els accesoris tradicionals. Hi trobareu un oroshiki o ratllador artesanal de pell de taur\u00f3. Utilitzant els oroshikis, s&#8217;obt\u00e9 una pasta de Wasabi encara m\u00e9s complexa, presentant m\u00e9s matisos en quant al sabor!<\/p>\n<p>El pack inclou<br \/>\n&#8211; Wasabi fresc gran 100 gr (1\/2 peces).<br \/>\n&#8211; Ratllador tradicional Samehisha de pell de taur\u00f3, mida L<br \/>\n&#8211; Pinzell d&#8217; orqu\u00eddea M &#8220;temporalment esgotat, substitueix: pinzell de bamboo&#8221;<\/p>\n","protected":false},"excerpt":{"rendered":"<p>El wasabi premium pack, en qualsevol dels seus dos formats, small o large, combina el nostre millor wasabi fresc, amb els accesoris tradicionals per tal de poder-ne treure el m\u00e0xim profit: els oroshikis o ratlladors tradicionals de pell de taur\u00f3.<\/p>\n<p>*ATENCI\u00d3: Estem en el proc\u00e9s de moure el nostre wasabi a un nou empla\u00e7ament, aix\u00ed que temporalment, el wasabi servit en aquest pack ser\u00e0 japon\u00e8s d&#8217;importaci\u00f3 del Jap\u00f3.<\/p>\n","protected":false},"featured_media":6101,"template":"","meta":{"_acf_changed":false},"product_brand":[],"product_cat":[73],"product_tag":[],"class_list":{"0":"post-6257","1":"product","2":"type-product","3":"status-publish","4":"has-post-thumbnail","6":"product_cat-wasabi-classics-ca","8":"first","9":"instock","10":"sale","11":"featured","12":"taxable","13":"shipping-taxable","14":"purchasable","15":"product-type-simple"},"acf":[],"_links":{"self":[{"href":"https:\/\/www.yamaaoi.com\/ca\/wp-json\/wp\/v2\/product\/6257","targetHints":{"allow":["GET"]}}],"collection":[{"href":"https:\/\/www.yamaaoi.com\/ca\/wp-json\/wp\/v2\/product"}],"about":[{"href":"https:\/\/www.yamaaoi.com\/ca\/wp-json\/wp\/v2\/types\/product"}],"wp:featuredmedia":[{"embeddable":true,"href":"https:\/\/www.yamaaoi.com\/ca\/wp-json\/wp\/v2\/media\/6101"}],"wp:attachment":[{"href":"https:\/\/www.yamaaoi.com\/ca\/wp-json\/wp\/v2\/media?parent=6257"}],"wp:term":[{"taxonomy":"product_brand","embeddable":true,"href":"https:\/\/www.yamaaoi.com\/ca\/wp-json\/wp\/v2\/product_brand?post=6257"},{"taxonomy":"product_cat","embeddable":true,"href":"https:\/\/www.yamaaoi.com\/ca\/wp-json\/wp\/v2\/product_cat?post=6257"},{"taxonomy":"product_tag","embeddable":true,"href":"https:\/\/www.yamaaoi.com\/ca\/wp-json\/wp\/v2\/product_tag?post=6257"}],"curies":[{"name":"wp","href":"https:\/\/api.w.org\/{rel}","templated":true}]}}