{"id":10368,"date":"2025-10-13T09:33:52","date_gmt":"2025-10-13T09:33:52","guid":{"rendered":"https:\/\/yamaaoi.com\/?post_type=product&#038;p=10368"},"modified":"2025-10-17T09:31:21","modified_gmt":"2025-10-17T09:31:21","slug":"vinagre-vermell-darros-akazu","status":"publish","type":"product","link":"https:\/\/www.yamaaoi.com\/ca\/productos\/vinagre-vermell-darros-akazu\/","title":{"rendered":"Vinagre vermell d&#8217;arr\u00f2s Akazu"},"content":{"rendered":"<p>Per elaborar el vinagre vermell d&#8217;arr\u00f2s Akasu es seleccionen les millors lies de sake i es deixen fermentar de forma natural durant almenys 3 anys. A continuaci\u00f3, s\u00f3n premsades tamb\u00e9 de forma natural i es decanten 3 mesos m\u00e9s.<\/p>\n<p>El fabricant Hinode Tsuyo fa nom\u00e9s 10 anys que produeix els seus excepcionals vinagres.Per elaborar-lo, segueix els m\u00e8todes tradicionals de producci\u00f3 completament artesanals.El secret de l\u00e8xit dels seus productes est\u00e0 en les mat\u00e8ries primeres, el domini de les t\u00e8cniques tradicionals de producci\u00f3 i el temps.<\/p>\n<p>Text: Nishikidori<\/p>\n<p>Ref.200<\/p>\n","protected":false},"excerpt":{"rendered":"<p>El vinagre vermell d&#8217;arr\u00f2s Akasu de lies de sake revela una acidesa agradable, aporta notes arom\u00e0tiques i afegeix rodonesa al paladar.<\/p>\n<p>Ampolla de 1,8 L<\/p>\n","protected":false},"featured_media":10375,"template":"","meta":{"_acf_changed":false},"product_brand":[],"product_cat":[82],"product_tag":[],"class_list":{"0":"post-10368","1":"product","2":"type-product","3":"status-publish","4":"has-post-thumbnail","6":"product_cat-vinagres-ca","8":"first","9":"instock","10":"taxable","11":"shipping-taxable","12":"purchasable","13":"product-type-simple"},"acf":[],"_links":{"self":[{"href":"https:\/\/www.yamaaoi.com\/ca\/wp-json\/wp\/v2\/product\/10368","targetHints":{"allow":["GET"]}}],"collection":[{"href":"https:\/\/www.yamaaoi.com\/ca\/wp-json\/wp\/v2\/product"}],"about":[{"href":"https:\/\/www.yamaaoi.com\/ca\/wp-json\/wp\/v2\/types\/product"}],"wp:featuredmedia":[{"embeddable":true,"href":"https:\/\/www.yamaaoi.com\/ca\/wp-json\/wp\/v2\/media\/10375"}],"wp:attachment":[{"href":"https:\/\/www.yamaaoi.com\/ca\/wp-json\/wp\/v2\/media?parent=10368"}],"wp:term":[{"taxonomy":"product_brand","embeddable":true,"href":"https:\/\/www.yamaaoi.com\/ca\/wp-json\/wp\/v2\/product_brand?post=10368"},{"taxonomy":"product_cat","embeddable":true,"href":"https:\/\/www.yamaaoi.com\/ca\/wp-json\/wp\/v2\/product_cat?post=10368"},{"taxonomy":"product_tag","embeddable":true,"href":"https:\/\/www.yamaaoi.com\/ca\/wp-json\/wp\/v2\/product_tag?post=10368"}],"curies":[{"name":"wp","href":"https:\/\/api.w.org\/{rel}","templated":true}]}}